{"id":2060,"date":"2016-01-12T18:43:37","date_gmt":"2016-01-12T18:43:37","guid":{"rendered":"http:\/\/www.losmolles.com\/web\/de\/frequently-asked-questions\/"},"modified":"2020-02-21T15:17:52","modified_gmt":"2020-02-21T15:17:52","slug":"frequently-asked-questions","status":"publish","type":"page","link":"http:\/\/www.losmolles.com\/web\/de\/frequently-asked-questions\/","title":{"rendered":"FRAGEN"},"content":{"rendered":"<h1>H\u00c4UFIGE FRAGEN<\/h1>\n<div class=\"su-accordion su-u-trim\">\n<div class=\"su-spoiler su-spoiler-style-default su-spoiler-icon-plus su-spoiler-closed\" data-scroll-offset=\"0\" data-anchor-in-url=\"no\"><div class=\"su-spoiler-title\" tabindex=\"0\" role=\"button\"><span class=\"su-spoiler-icon\"><\/span>AUSWEISPAPIERE<\/div><div class=\"su-spoiler-content su-u-clearfix su-u-trim\">\n<p><strong>Welche Ausweispapiere ben\u00f6tige ich zur Einreise nach Argentinien?<\/strong><\/p>\n<p>Ausweispapiere f\u00fcr Nicht-Argentinier:<\/p>\n<p>1. Pass \u2013 obligatorisches Ausweisdokument.<br \/>\n2. Visum: Wird nicht ben\u00f6tigt f\u00fcr einen Aufenthalt unter 90 Tagen, sofern es sich um eine Gesch\u00e4ftsreise oder Tourismus handelt.<br \/>\n3. <strong><a href=\"http:\/\/travel.state.gov\/content\/travel\/en.html\" target=\"_blank\" rel=\"noopener noreferrer\">travel.state.gov\/content\/travel\/en.html<\/a><\/strong> Formulare f\u00fcr Schusswaffen. Alle Schusswaffen und Munitionen m\u00fcssen eine tempor\u00e4re Einfuhrerlaubnis vorweisen. F\u00fcllen Sie hierzu das Formular \u201eFormulario T\u00e9cnico para Argentina\u201c (Technisches Formular f\u00fcr Argentinien) aus und drucken Sie 4 Kopien hiervon. Diese Formulare sind Ihrem Reisepaket beigelegt. Sollte dies nicht so sein, besuchen Sie die folgende Webseite:<a href=\"http:\/\/www.renar.gov.ar\/index_seccion.php?seccion=requisitos_en&amp;m=4\" target=\"_blank\" rel=\"noopener noreferrer\"><strong> http:\/\/www.renar.gov.ar\/index_seccion.php?seccion=requisitos_en&amp;m=4<\/strong> <\/a>. Nachdem Sie Ihr Gep\u00e4ck erhalten haben und bevor Sie sich zum Zoll begeben, m\u00fcssen Sie bei der Flughafenpolizei (\u201ePolic\u00eda Aeron\u00e1utica\u201c) vorstellig werden, um Ihr Formular abstempeln zu lassen. Bitte unterschreiben Sie dieses erst im Beisein der Polizisten. Das Stempeln des Formulares kostet ungef\u00e4hr USD 100 pro Waffe.<\/p>\n<p>4. Ausfuhrgeb\u00fchr: USD 25 (\u00c4nderungen der Geb\u00fchr vorbehalten).<\/p>\n<p>5. US-amerikanisches Zollformular \u2013 OBLIGATORISCH \u2013 Der US-Amerikanische Zoll wendet das Alkohol-, Tabak- und Waffengesetz strikt an. Dieses sieht vor, dass alle Individuen vor Ausreise aus den USA alle Schusswaffen beim Zoll deklarieren. Sollte dies nicht erfolgen, k\u00f6nnen die Schusswaffen bei Wiedereinreise beschlagnahmt werden. Wir empfehlen daher, dass alle US-amerikanischen Staatsb\u00fcrger all ihre Schusswaffen, Kameras, kostspieligen optischen Ger\u00e4te, Schmuck, sowie andere Wertgegenst\u00e4nde, die aus dem Land gef\u00fchrt werden, beim Zoll deklarieren. Um ein Objekt deklarieren zu k\u00f6nnen ist es notwendig dieses beim US-Amerikanischen Zoll vorzuweisen. Nur so bekommen Sie eine beglaubigte Zollerkl\u00e4rung ausgeh\u00e4ndigt. Dieses Dokument wird \u201eRegistrierungsformular pers\u00f6nlicher Gegenst\u00e4nde, die ins Ausland mitgef\u00fchrt werden\u201c (Form 4457) genannt. Die Zollbeh\u00f6rde der USA ist f\u00fcr gew\u00f6hnlich nahe der Internationalen Flugh\u00e4fen. Die Personen m\u00fcssen die notwendigen Anforderungen der Zollbeh\u00f6rde der USA erf\u00fcllen, um die Erlaubnis zur Weiterreise zu bekommen.<\/p>\n<p>6. Medizinische Aspekte: Bitte fragen Sie Ihren Arzt nach der f\u00fcr Sie besten Option. Es ist m\u00f6glich, dass er Ihnen anr\u00e4t die Webseite des Zentrums f\u00fcr Kontrolle und Pr\u00e4vention von Krankheiten zu konsultieren:<br \/>\n<strong><a href=\"http:\/\/www.cdc.gov\/\" target=\"_blank\" rel=\"noopener noreferrer\">http:\/\/www.cdc.gov\/<\/a><\/strong><\/p>\n<p>7. CITES \u2013 Anhang II \u2013 Rappenantilope. Sie m\u00fcssen \u00fcber eine Erlaubnis der CITES (Convenci\u00f3n sobre el Comercio Internacional de Especies Amenazadas de Fauna y Flora Silvestres \u2013 Abkommen \u00fcber Internationalen Handel mit gef\u00e4hrdeten Tierarten der Fauna und Flora) des Exportlandes verf\u00fcgen. Besuchen Sie <strong><a href=\"http:\/\/www.fws.gov\/permits\/index.html\" target=\"_blank\" rel=\"noopener noreferrer\">http:\/\/www.fws.gov\/permits\/index.html<\/a><\/strong>, und klicken Sie auf die Option \u201eImportieren\/Exportieren\u201c (\u201eImportar\/Exportar\u201c) um detallierte Informationen, sowie die notwendigen Formulare zu erhalten.<\/p>\n<p>8. F\u00fcr Reisen mit Minderj\u00e4hrigen (unter 18 Jahren) ist es notwendig bei Ausreise aus Argentinien eine unterschriebene Einverst\u00e4ndniserkl\u00e4rung beider Elternteile vorzuweisen.<\/p>\n<p><strong>WICHTIG<\/strong>: Bitte beachten Sie, dass sich ab dem Moment Ihrer Reservierung bis zur tats\u00e4chlichen Abreise Gesetze, Geb\u00fchren und Anforderungen ge\u00e4ndert haben k\u00f6nnen.<br \/>\nF\u00fcr weitere Informationen besuchen Sie:<br \/>\n<strong><a href=\"http:\/\/www.traveldocs.com\/\" target=\"_blank\" rel=\"noopener noreferrer\">http:\/\/www.traveldocs.com\/<\/a><\/strong><br \/>\n<strong> <a href=\"https:\/\/ar.usembassy.gov\/es\/\" target=\"_blank\" rel=\"noopener noreferrer\">https:\/\/ar.usembassy.gov\/es\/<\/a><\/strong><br \/>\n<strong> <a href=\"https:\/\/www.tsa.gov\/travel\/security-screening\/prohibited-items\" target=\"_blank\" rel=\"noopener noreferrer\">https:\/\/www.tsa.gov\/travel\/security-screening\/prohibited-items<\/a><\/strong><br \/>\nBeh\u00f6rde f\u00fcr Verkehrssicherheit (TSA) (\u201eAdministraci\u00f3n de Seguridad en el Transporte\u201c) \u2013 Reisen mit speziellen Gegenst\u00e4nden, Schusswaffen und Munitionen (\u201eViajar con elementos especiales, armas de fuego y municiones\u201c).<\/p>\n<p><strong>Ben\u00f6tige ich ein \u00e4rztliches Attest oder spezielle Impfungen?<\/strong><br \/>\nEs ist nicht notwendig bei der Einreise nach Argentinien ein \u00e4rztliches Attest oder Impfausweis vorzuzeigen.<\/p>\n<\/div><\/div>\n<div class=\"su-spoiler su-spoiler-style-default su-spoiler-icon-plus su-spoiler-closed\" data-scroll-offset=\"0\" data-anchor-in-url=\"no\"><div class=\"su-spoiler-title\" tabindex=\"0\" role=\"button\"><span class=\"su-spoiler-icon\"><\/span>SCHUSSWAFFEN UND MUNITIONEN<\/div><div class=\"su-spoiler-content su-u-clearfix su-u-trim\">\n<p>Um Ihre eigene Schusswaffe legal nach Argentinien einf\u00fchren zu k\u00f6nnen, ben\u00f6tigen Sie eine befristete Erlaubnis, sowie f\u00fcr die Schusswaffe, als auch f\u00fcr die dazugeh\u00f6rige Munition.<br \/>\nF\u00fcr weitere Informationen bitten wir Sie die Webseite des Nationalen Registers f\u00fcr Schusswaffen zu besuchen (<a href=\"http:\/\/www.renar.gov.ar\">http:\/\/www.renar.gov.ar<\/a>) (\u201eRegistro Nacional de Armas\u201c). Hier finden Sie auch die notwendigen Formulare.<br \/>\nF\u00fcllen Sie diese aus und pr\u00e4sentieren Sie diese beim argentinischen Konsulat f\u00fcr deren Genehmigung.<\/p>\n<p><strong>KONTROLLE DER SCHUSSWAFFEN<\/strong><br \/>\n<strong>Bewahren Sie Ihren Boardingpass w\u00e4hrend des gesamten Aufenthaltes in Argentinien auf.<strong><br \/>\nNachdem Sie die Passkontrolle passiert und Ihr Gep\u00e4ck einschliesslich Schusswaffe erhalten haben, begeben Sie sich bitte zur \u201ePolicia Federal Argentina \u2013 RENAR\u201c (folgen Sie den Hinweisschildern).<\/strong><\/strong><\/p>\n<p>Es ist ein kleines B\u00fcro, ein wenig versteckt am Ende eines langen Flures rechts neben des Duty Free Shops. Etwas weiter rechts befindet sich der Eingang zur Polizei. Klopfen Sie an der T\u00fcr, sollte diese verschlossen sein.<\/p>\n<p>Mehrere Fl\u00fcge aus den USA und Europa kommen w\u00e4hrend der Jagdzeit zur fast gleichen Zeit an, wodurch es zu langen Schlangen kommen kann. Die Kontrolle jedes J\u00e4gers dauert etwa 15 Minuten oder mehr.<\/p>\n<p>Das Personal von Los Molles erwartet Sie bei Verlassen des Polizeib\u00fcros. Der Beamte hat bereits Ihren Namen und weiss, dass wir draussen auf Sie warten und gegebenenfalls bei der Abwicklung helfen k\u00f6nnen.<\/p>\n<p>Der Beamte wird ein Formular ausf\u00fcllen mit welchem Sie die Geb\u00fchr entrichten k\u00f6nnen. Mit diesem Dokument m\u00fcssen Sie zur\u00fcck zum Zoll und bei der Bank \u201eBanco de la Nacion Argentina\u201c AR$ 1000 (Argentinische Pesos) pro Gewehr entrichten. Sollte dies n\u00f6tig sein, k\u00f6nnen Sie dort auch Geld umtauschen. Hierf\u00fcr m\u00fcssen Sie Ihren Pass und den Boardingpass vorweisen. Die Bank verf\u00fcgt \u00fcber einen kleinen Schalter, der sich rechts vor dem Ausgang befindet.<\/p>\n<p>Der Preis pro Schusswaffe ist AR$ 1.000 (etwa EU 58.-).<br \/>\nSchusswaffe mit zwei Gewehrl\u00e4ufen: AR$ 2.000.-<\/p>\n<p>Nachdem Sie die Geb\u00fchr entrichtet haben, begeben Sie sich zur\u00fcck zum B\u00fcro des RENAR und zeigen Sie den Beleg vor. Sie bekommen daraufhin drei Kopien des Schusswaffenformulares unterschrieben und abgestempelt von RENAR.<\/p>\n<p>Gehen Sie nun zur\u00fcck zur Zollkontrolle. Dort \u00fcbergeben Sie eine der von RENAR abgestempelten Kopien. Halten Sie die anderen zwei Kopien bereit. Dieses Formular ist Ihre Erlaubnis, in Argentinien Waffen zu transportieren.<br \/>\nDer Zollbeamte wird Sie um die Proforma und andere Dokumente bitten. Wenn Sie am Flughafen ankommen, werden Sie von dem Beamten mit Ihren Unterlagen und der auf Ihre Waffe bezogenen Erlaubnis erwartet. (B\u00fcro f\u00fcr die Entrichtung der Geb\u00fchr \u2013 Administracion Federal de Ingresos P\u00fablicos AFIP \u2013 auf der linken Seite vor dem Ausgang).<\/p>\n<p>Nachdem Sie die Zahlstelle verlassen haben wird das Personal von Los Molles Sie begr\u00fcssen (halten Sie nach dem Schild mit Ihrem Namen Ausschau). Wir warten auf Sie auf der rechten Seite, in der N\u00e4he des Mc Caf\u00e9\/Mc Donald\u2019s.<\/p>\n<p><strong>Munitionen:<\/strong><\/p>\n<p>Inlandsfl\u00fcge: In den Fl\u00fcgen von Aerolineas Argentinas ist es verboten Munition in Ihrem aufgegebenen Gep\u00e4ck mitzuf\u00fchren. Bevor Sie den Check in realisieren, m\u00fcssen Sie diese aus Ihrem Gep\u00e4ck entfernen. Die Munition muss zusammen mit der Waffe oder in einer geschlossenen und gesicherten Box separat aufgegeben werden. Die Fluggesellschaft wird sich um die weitere sichere Verpackung k\u00fcmmern.<\/p>\n<p>Im Gewehrkasten ist es nur erlaubt die Schusswaffe und die dazugeh\u00f6rige Munition aufzubewahren. Bitten verstauen sie keine Kleidungsst\u00fccke darin.<\/p>\n<p>Flughafen f\u00fcr Inlandsfl\u00fcge: Betreuung w\u00e4hrend der Gep\u00e4ckabfertigung und der Waffenkontrolle (Das Personal der Fluggesellschaft begleitet uns zu den B\u00fcros der Policia Federal Argentina &#8211; RENAR). Die Waffen und deren Munition werden kontrolliert, \u00fcberpr\u00fcft und versiegelt und verbleiben im B\u00fcro des RENAR bis der Beamte sie zum Flugzeug bringt. Das Personal von Los Molles wird Sie bis zum Einstieg begleiten.<\/p>\n<p><strong>Internationale Fl\u00fcge:<\/strong> : Meistens m\u00fcssen die Schusswaffen im Gewehrkasten verbleiben. Es ist nicht erlaubt diese ungesch\u00fctzt im Koffer zu transportieren. Fragen Sie bei der Fluggesellschaft nach, da zur Zeit jede Firma ihre eigenen Bestimmungen hat.<\/p>\n<p>Dieses Vorgehen wiederholt sich bei Ankunft in Santa Rosa und bei R\u00fcckflug nach Buenos Aires, sowie beim R\u00fcckflug in Ihr Heimatland.<\/p>\n<p>Die Kontrolle im Flughafen f\u00fcr Inlandsfl\u00fcge und in Santa Rosa ist meist schneller.<\/p>\n<p>In Santa Rosa wartet das Personal von Los Molles auf Sie, um Sie zur Farm zu bringen.<\/p>\n<p><strong>Stellen Sie Waffen bereit, sofern man keine eigene besitzt?<\/strong><br \/>\nDie Anlage Los Molles kann den J\u00e4gern, die keine eigene mitbringen k\u00f6nnen, Schusswaffen und Munition bereitstellen. Wir bieten folgende Modelle an:<br \/>\n2 (zwei) Zastava 308, mit Visier Kales 2,5-10*502<br \/>\n2 (zwei) Zastava 300, 1 (ein) mit Visier Carl Zeiss 2,5-10*56 und 1 (ein) mit Visier 2,5-10*50<br \/>\n1 (ein) Remington 308<br \/>\n1 (ein) Mauser 30-06<br \/>\n1 (ein) Berno 30-06<br \/>\n1 (ein) Berno 375<\/p>\n<p><strong>Ist es notwendig eine Jagdlizenz zu erwerben?<\/strong><br \/>\nJa, Sie ben\u00f6tigen eine Jagdlizenz. Die hierzu notwendigen Beamteng\u00e4nge k\u00f6nnen wir \u00fcbernehmen.<\/p>\n<\/div><\/div>\n<div class=\"su-spoiler su-spoiler-style-default su-spoiler-icon-plus su-spoiler-closed\" data-scroll-offset=\"0\" data-anchor-in-url=\"no\"><div class=\"su-spoiler-title\" tabindex=\"0\" role=\"button\"><span class=\"su-spoiler-icon\"><\/span>KLEIDUNG UND SPEZIELLE AUSR\u00dcSTUNG<\/div><div class=\"su-spoiler-content su-u-clearfix su-u-trim\">\n<p>1) Leichte, wetterfeste Jacke (bei schlechtem Wetter und\/oder starkem Regen)<br \/>\n2) Tarnjacke oder Parka mit leichter Weste. Sollte einfach zu verstauen sein, wenn es im Laufe des Tages w\u00e4rmer wird.<br \/>\n3) Jagdhemden<br \/>\n4) Fleecepullover<br \/>\n5) Jagdhosen<br \/>\n6) Lange Thermo-Unterw\u00e4sche (Ganzk\u00f6rper)<br \/>\n7) Mehrer feine oder nicht zu dicke Socken<br \/>\n8) Wir empfehlen Lederstiefel mit Thermoeinlagen unabh\u00e4ngig der Jahreszeit. Bitte pr\u00fcfen Sie vor Abreise, dass die Stiefel komfortabel sind.<br \/>\n9) Wollm\u00fctze<br \/>\n10) Schirmm\u00fctze<br \/>\n11) Leichte Jagdhandschuhe<br \/>\n12) Bergschuhe<br \/>\n13) Lederrucksack f\u00fcr Ersatzw\u00e4sche, oder G\u00fcrteltasche<br \/>\n14) Fotoapparat mit Ersatzbatterie<br \/>\n15) Hochwertiges Fernglas<br \/>\n16) Entfernungsmesser (optional)<br \/>\n17) Jagdmesser<br \/>\n18) Taschenlampe und Ersatzbatterien<br \/>\n19) Gewehr (mit Visier) und 2-3 Schachteln Munition, ein Gewehr Typ 30-06 oder besser, welches Sie gut beherrschen.<br \/>\n20) Pers\u00f6nliche Gegenst\u00e4nde: Lippencreme, Insektenspray, Schmerzmittel, Sonnenbrille, Sonnenschutz, etc.<\/p>\n<p>Um sicherzugehen, dass Sie f\u00fcr die klimatischen Bedingungen w\u00e4hrend Ihrer Reise optimal ger\u00fcstet sind, empfehlen wir Ihnen kurz vor Abreise die Webseiten: <strong><a href=\"http:\/\/www.weather.com\" target=\"_blank\" rel=\"noopener noreferrer\">www.weather.com<\/a><\/strong> und <strong><a href=\"http:\/\/www.accuweather.com\" target=\"_blank\" rel=\"noopener noreferrer\">www.accuweather.com<\/a><\/strong>, zu besuchen.<\/p>\n<p><strong>Dies ist eine Beispielliste der Ausstattung, die Sie brauchen werden.<\/strong><\/p>\n<p><strong>Wie hoch ist die Regenwahrscheinlichkeit w\u00e4hrend der Jagdsaison?<\/strong><br \/>\nDa das Klima sehr schwankt, empfehlen wir immer Regenstiefel oder wasserfeste Stiefel mitzunehmen.<\/p>\n<\/div><\/div>\n<div class=\"su-spoiler su-spoiler-style-default su-spoiler-icon-plus su-spoiler-closed\" data-scroll-offset=\"0\" data-anchor-in-url=\"no\"><div class=\"su-spoiler-title\" tabindex=\"0\" role=\"button\"><span class=\"su-spoiler-icon\"><\/span>DAS JAGDREVIER<\/div><div class=\"su-spoiler-content su-u-clearfix su-u-trim\">\n<p><strong>Wird die Jagd von einem Guide begleitet?<\/strong><br \/>\nAllen J\u00e4gern wird ein Begleiter zur Seite gestellt (1 x 1).<\/p>\n<p><strong>Welche Sprachen sprechen die Guides?<\/strong><br \/>\nObwohl Spanisch die Landessprache ist, finden Sie im Jagdrevier immer jemanden, der Englisch und Deutsch fliessend spricht.<\/p>\n<p><strong>An welchen Tagen und Uhrzeiten wird gejagt? Erfolgt dies zu Fuss oder mit dem Fahrzeug?<\/strong><br \/>\nDie Tage h\u00e4ngen von der ausgew\u00e4hlten Tierart ab. Die Uhrzeiten f\u00fcr Rothirsch sind vom fr\u00fchen Morgen bis zur Mittagszeit und vom fr\u00fchen Nachmittag bis zum Sonnenuntergang. Sie k\u00f6nnen eine Verfolgungsjagd durchf\u00fchren oder aber auch versteckt auf das Tier warten.<\/p>\n<p>Die Wildschweine werden f\u00fcr gew\u00f6hnlich von einem Hochsitz aus bei Mondlicht gejagt.<\/p>\n<p>F\u00fcr die Pumajagd wartet man f\u00fcr gew\u00f6hnlich auf das Tier oder man verfolgt es durch den Wald.<\/p>\n<p>Bei allen anderen Tierarten wird ein Guide die Tiere im Wald aufsp\u00fcren und den J\u00e4gern zeigen, welches Tier eine gute Troph\u00e4e ausmachen w\u00fcrde. In Los Molles verf\u00fcgen wir \u00fcber Gel\u00e4ndefahrzeuge.<\/p>\n<p><strong>Ist es m\u00f6glich das Jagdrevier f\u00fcr eine Gruppe exklusiv zu reservieren?<\/strong><br \/>\nDies ist m\u00f6glich f\u00fcr Gruppen von 8 (acht) J\u00e4gern im Zeitraum 1. M\u00e4rz bis 20. April. Ab dem 20. April ist eine Gruppe von mindestens 4 (vier) erforderlich.<\/p>\n<p><strong>Wie kann ich die Geb\u00fchr f\u00fcr die Troph\u00e4e und die \u00fcbrigen Kosten in der Anlage bezahlen?<strong><br \/>\nWir akzeptieren die folgenden Zahlungsm\u00f6glichkeiten: Barzahlung in Pesos Argentinos, Dollar oder Euro, Schecks und \u00dcberweisungen.<\/strong><\/strong><\/p>\n<p><strong>Wie funktioniert in Argentinien das Gesundheitssystem und der Erwerb von Medikamenten im Falle eines Unfalls oder Krankheit?<\/strong><br \/>\nWir verf\u00fcgen \u00fcber einen Erste-Hilfe-Kasten mit allen Basis-Medikamenten. Wir empfehlen unseren G\u00e4sten jedoch Ihre eigenen Medikamente mitzubringen, vor allem wenn Sie spezielle einnehmen m\u00fcssen. Sollte das Problem nicht in unserem Gasthaus zu l\u00f6sen sein, wird ein umgehender Transport ins n\u00e4chste Krankenhaus veranlasst.<br \/>\nBitten denken Sie an Ihren Auslandskrankenschutz vor Abreise!<\/p>\n<p><strong>Beinhaltet das Paket eine Versicherung?<\/strong><br \/>\nJeder Gast sollte sich f\u00fcr den gesamten Aufenthalt selbst versichern.<\/p>\n<\/div><\/div>\n<div class=\"su-spoiler su-spoiler-style-default su-spoiler-icon-plus su-spoiler-closed\" data-scroll-offset=\"0\" data-anchor-in-url=\"no\"><div class=\"su-spoiler-title\" tabindex=\"0\" role=\"button\"><span class=\"su-spoiler-icon\"><\/span>VERSCHIEDENES<\/div><div class=\"su-spoiler-content su-u-clearfix su-u-trim\">\n<p><strong>Welche Zahlungsm\u00f6glichkeiten gibt es in Argentinien?<\/strong><br \/>\nDie Landesw\u00e4hrung ist Pesos argentinos. Viele Gesch\u00e4fte akzeptieren neben Kreditkarten auch US-Dollar, Euros oder andere ausl\u00e4ndische W\u00e4hrungen.<\/p>\n<p><strong>Welche elektrische Spannung wird in Argentinien verwendet?<\/strong><br \/>\nIn Argentinien verf\u00fcgen wir \u00fcber eine elektrische Spannung von 220V.<\/p>\n<\/div><\/div>\n<\/div>\n","protected":false},"excerpt":{"rendered":"<p>H\u00c4UFIGE FRAGEN<\/p>\n","protected":false},"author":1,"featured_media":1571,"parent":0,"menu_order":0,"comment_status":"closed","ping_status":"closed","template":"homepage.php","meta":[],"_links":{"self":[{"href":"http:\/\/www.losmolles.com\/web\/de\/wp-json\/wp\/v2\/pages\/2060"}],"collection":[{"href":"http:\/\/www.losmolles.com\/web\/de\/wp-json\/wp\/v2\/pages"}],"about":[{"href":"http:\/\/www.losmolles.com\/web\/de\/wp-json\/wp\/v2\/types\/page"}],"author":[{"embeddable":true,"href":"http:\/\/www.losmolles.com\/web\/de\/wp-json\/wp\/v2\/users\/1"}],"replies":[{"embeddable":true,"href":"http:\/\/www.losmolles.com\/web\/de\/wp-json\/wp\/v2\/comments?post=2060"}],"version-history":[{"count":7,"href":"http:\/\/www.losmolles.com\/web\/de\/wp-json\/wp\/v2\/pages\/2060\/revisions"}],"predecessor-version":[{"id":2603,"href":"http:\/\/www.losmolles.com\/web\/de\/wp-json\/wp\/v2\/pages\/2060\/revisions\/2603"}],"wp:featuredmedia":[{"embeddable":true,"href":"http:\/\/www.losmolles.com\/web\/de\/wp-json\/wp\/v2\/media\/1571"}],"wp:attachment":[{"href":"http:\/\/www.losmolles.com\/web\/de\/wp-json\/wp\/v2\/media?parent=2060"}],"curies":[{"name":"wp","href":"https:\/\/api.w.org\/{rel}","templated":true}]}}