{"id":2114,"date":"2016-01-08T12:16:05","date_gmt":"2016-01-08T12:16:05","guid":{"rendered":"http:\/\/www.losmolles.com\/web\/de\/about-us\/"},"modified":"2016-03-30T16:15:37","modified_gmt":"2016-03-30T16:15:37","slug":"about-us","status":"publish","type":"page","link":"http:\/\/www.losmolles.com\/web\/de\/about-us\/","title":{"rendered":"\u00dcBER UNS"},"content":{"rendered":"<h1>\u00dcBER UNS<\/h1>\n<img loading=\"lazy\" class=\"alignnone size-full wp-image-2211\" src=\"http:\/\/www.losmolles.com\/web\/wp-content\/uploads\/2016\/01\/texto-about-ger-1.png\" alt=\"texto-about-ger\" width=\"969\" height=\"88\" srcset=\"http:\/\/www.losmolles.com\/web\/wp-content\/uploads\/2016\/01\/texto-about-ger-1.png 969w, http:\/\/www.losmolles.com\/web\/wp-content\/uploads\/2016\/01\/texto-about-ger-1-300x27.png 300w, http:\/\/www.losmolles.com\/web\/wp-content\/uploads\/2016\/01\/texto-about-ger-1-768x70.png 768w, http:\/\/www.losmolles.com\/web\/wp-content\/uploads\/2016\/01\/texto-about-ger-1-381x35.png 381w\" sizes=\"(max-width: 969px) 100vw, 969px\" \/>\n<p>Willkommen zu einem der gr\u00f6ssten Jagdreviere der Provinz La Pampa, Argentinien. Mit einer Fl\u00e4che von 15.000 Hektar, von denen 10.000 mit dichtem Wald bedeckt sind, erwartet Sie das Abenteuer mit \u00fcber 13 verschiedenen heimischen und exotischen Tierarten.<\/p>\n<p>Los Molles wurde 1987 als Familienunternehmen ins Leben gerufen und befindet sich auch heute noch unter der Leitung seiner Besitzer, die stets bem\u00fcht sind, ihren G\u00e4sten vollen Komfort und Service zu bieten, damit Sie sich wie zu Hause f\u00fchlen.<\/p>\n<p>Hier ist ein qualitativ sehr hochwertiges Jagdrevier mit anspruchsvollen Jagdgebieten, internationalen Jagdtroph\u00e4en, erfahrenen Jagdleitern und K\u00fcche auf h\u00f6chstem Niveau kombiniert.<\/p>\n<p>Los Molles ist Ihr n\u00e4chstes Ziel f\u00fcr das Abenteuer. Z\u00f6gern Sie nicht und beginnen Sie die Reise, wir warten auf Ihre Reservierung!<\/p>\n<h2>Anfahrtsbeschreibung<\/h2>\n<p>Los Molles befindet sich ca. 1 \u00bd Stunden vom Flughafen Santa Rosa, La Pampa, entfernt.<\/p>\n<p>Aerolineas Argentinas bietet t\u00e4glich Fl\u00fcge von Buenos Aires nach Santa Rosa an.<\/p>\n<p>Es besteht auch die M\u00f6glichkeit Charter-Fl\u00fcge zu buchen. Bitte fragen Sie bei uns die Preise hierzu nach.<\/p>\n<h2>Klima<\/h2>\n<p>In Argentinien haben wir entgegengesetzte Jahreszeiten zu USA oder Europa. Nachfolgend finden Sie eine Aufstellung der Durchschnittstemperaturen des Jagdrevieres gem\u00e4ss Ihrer Reisezeit.<\/p>\n<div class=\"boxes\">\n<div id=\"cont_d20d3c8e879c9a39f1bcd3185257ac4c\"><span id=\"h_d20d3c8e879c9a39f1bcd3185257ac4c\"><a class=\"LinkWid\" style=\"font-family: Roboto; font-size: 13px; color: #00abeb;\" href=\"http:\/\/www.meteored.com.ar\/tiempo-en_Santa+Rosa-America+Sur-Argentina-La+Pampa-SAZR-1-16922.html\" target=\"_blank\">Klima La Pampa<\/a><\/span><script src=\"https:\/\/www.meteored.com.ar\/wid_loader\/d20d3c8e879c9a39f1bcd3185257ac4c\" async=\"\" type=\"text\/javascript\"><\/script><\/div>\n<\/div>\n<div class=\"boxes\">\n<table border=\"1\" width=\"100%\" cellspacing=\"0\" cellpadding=\"5\">\n<tbody>\n<tr>\n<td>Monat<\/td>\n<td>Temperatur<\/td>\n<\/tr>\n<tr>\n<td>Januar &#8211; Februar<\/td>\n<td>15 &#8211; 35 \u00ba C<\/td>\n<\/tr>\n<tr>\n<td>M\u00e4rz- April<\/td>\n<td>5 \u2013 25 \u00ba C<\/td>\n<\/tr>\n<tr>\n<td>Mai &#8211; Juni<\/td>\n<td>0 \u2013 20 \u00ba C<\/td>\n<\/tr>\n<tr>\n<td>Juli \u2013 August<\/td>\n<td>-3 \u2013 15\u00ba C<\/td>\n<\/tr>\n<tr>\n<td>September &#8211; Oktober<\/td>\n<td>10 \u2013 30 \u00ba C<\/td>\n<\/tr>\n<tr>\n<td>November &#8211; Dezember<\/td>\n<td>15 &#8211; 35 \u00ba C<\/td>\n<\/tr>\n<\/tbody>\n<\/table>\n<\/div>\n","protected":false},"excerpt":{"rendered":"<p>\u00dcBER UNS Willkommen zu einem der gr\u00f6ssten Jagdreviere der Provinz La Pampa, Argentinien. Mit einer Fl\u00e4che von 15.000 Hektar, von denen 10.000 mit dichtem Wald bedeckt sind, erwartet Sie das Abenteuer mit \u00fcber 13 verschiedenen heimischen und exotischen Tierarten. Los Molles wurde 1987 als Familienunternehmen ins Leben gerufen und befindet sich auch heute noch unter &hellip;<\/p>\n","protected":false},"author":1,"featured_media":1556,"parent":0,"menu_order":0,"comment_status":"closed","ping_status":"closed","template":"homepage.php","meta":[],"_links":{"self":[{"href":"http:\/\/www.losmolles.com\/web\/de\/wp-json\/wp\/v2\/pages\/2114"}],"collection":[{"href":"http:\/\/www.losmolles.com\/web\/de\/wp-json\/wp\/v2\/pages"}],"about":[{"href":"http:\/\/www.losmolles.com\/web\/de\/wp-json\/wp\/v2\/types\/page"}],"author":[{"embeddable":true,"href":"http:\/\/www.losmolles.com\/web\/de\/wp-json\/wp\/v2\/users\/1"}],"replies":[{"embeddable":true,"href":"http:\/\/www.losmolles.com\/web\/de\/wp-json\/wp\/v2\/comments?post=2114"}],"version-history":[{"count":9,"href":"http:\/\/www.losmolles.com\/web\/de\/wp-json\/wp\/v2\/pages\/2114\/revisions"}],"predecessor-version":[{"id":2284,"href":"http:\/\/www.losmolles.com\/web\/de\/wp-json\/wp\/v2\/pages\/2114\/revisions\/2284"}],"wp:featuredmedia":[{"embeddable":true,"href":"http:\/\/www.losmolles.com\/web\/de\/wp-json\/wp\/v2\/media\/1556"}],"wp:attachment":[{"href":"http:\/\/www.losmolles.com\/web\/de\/wp-json\/wp\/v2\/media?parent=2114"}],"curies":[{"name":"wp","href":"https:\/\/api.w.org\/{rel}","templated":true}]}}