{"id":2120,"date":"2016-01-12T19:07:22","date_gmt":"2016-01-12T19:07:22","guid":{"rendered":"http:\/\/www.losmolles.com\/web\/de\/testimonials\/"},"modified":"2016-03-21T13:26:04","modified_gmt":"2016-03-21T13:26:04","slug":"testimonials","status":"publish","type":"page","link":"http:\/\/www.losmolles.com\/web\/de\/testimonials\/","title":{"rendered":"Kundenrezensionen"},"content":{"rendered":"<h1>Kundenrezensionen<\/h1>\n<div id=\"aq-block-1531-1\" class=\"aq-block aq-block-aq_staff_block aq_span12 aq-first clearfix\">\t\t\t\n\t\t        \n        <div class=\"widgetwrap widgetwrap-alt\">\n        \n\t\t\t        \n            \n            \n        <ul class=\"staff testimonials_box\"> \n            \n            \n\t\t\t                    \n                    \n\t\t\t<li style=\"background-color:#FAFAFA;\">\n                \t\n                    <img width=\"85\" height=\"85\" src=\"http:\/\/www.losmolles.com\/web\/wp-content\/uploads\/2014\/11\/thomas-parker.jpg\" class=\"tranz wp-post-image\" alt=\"\" loading=\"lazy\" \/>                \n                \t<h3 style=\"color:#333;\">Thomas J. Parker<\/h3>\n                    \n                    <p style=\"color:#333;\" class=\"staffpos\">ATLANTA, USA<\/p>  \n                    \n                    <p class=\"staff_info\" style=\"background-color:#FAFAFA;color:#333;\">Wir haben unser Jagdabenteuer in Los Molles sehr genossen. \r\nJeder einzelne Punkt der Reise wurde sorgsam eingehalten, was unseren Aufenthalt zu einem exzellenten Erlebnis gemacht hat - bis auf die Tatsache, dass wir keine eigenen Waffen dabei hatten. Nat\u00fcrlich waren die von Los Molles bereitgestellten Waffen von ausgezeichneter Qualit\u00e4t, aber es waren eben nicht unsere eigenen. \r\nDas Essen war wunderbar (5 Sterne) und wir waren alle sehr zufrieden mit der Qualit\u00e4t der gejagten Tiere und der Arbeit des Guides. \r\nWagner war uns von unglaublicher Hilfe und das Personal des Gasthauses begegnete uns immer hilfsbereit und aufmerksam.\r\n\r\nNochmals vielen Dank f\u00fcr dieses einzigartige Erlebnis!\r\n\r\n<\/p>  \n                    \n                    <ul class=\"staff_social\">\n                \n\t\t\t\t\t\t                                                                                                                                                                                                                                        \n                \t<\/ul> \n                        \n\t\t\t<\/li>\n            \n\t\t\t                    \n                    \n\t\t\t<li style=\"background-color:#FAFAFA;\">\n                \t\n                    <img width=\"85\" height=\"85\" src=\"http:\/\/www.losmolles.com\/web\/wp-content\/uploads\/2014\/11\/greg-lavitt.jpg\" class=\"tranz wp-post-image\" alt=\"\" loading=\"lazy\" \/>                \n                \t<h3 style=\"color:#333;\">Greg Lavitt<\/h3>\n                    \n                    <p style=\"color:#333;\" class=\"staffpos\">OMAHA, EE.UU.<\/p>  \n                    \n                    <p class=\"staff_info\" style=\"background-color:#FAFAFA;color:#333;\">Vielen Dank f\u00fcr den wundervollen Aufenthalt in Los Molles! Die Jagd hat unsere Erwartungen \u00fcbertroffen und sowohl das Essen, als auch die Unterkunft waren einzigartig. Ihre Gastfreundlichkeit war herzlich und freundlich. Eine tolle Gastgeberin!\r\n\r\nIch m\u00f6chte auch die Hilfe von Inge in Buenos Aires hervorheben. Als Tourist muss man in der grossen Stadt sehr viele H\u00fcrden nehmen, wobei Sie uns vieles erleichtert hat. Inge war stets freundlich und professionell. Unsere Gruppe w\u00e4re ohne sie verloren gewesen. Inge ist wirklich ein wichtiger Teil Ihres Unternehmens und als Kunde danke ich sehr f\u00fcr die wunderbare Betreuung.\r\n\r\nNochmals vielen Dank f\u00fcr ein Erlebnis auf ganz grossem Niveau!\r\n \r\nWir k\u00f6nnen es kaum erwarten zur\u00fcckzukommen!\r\n\r\nHerzliche Gr\u00fcsse.\r\n<\/p>  \n                    \n                    <ul class=\"staff_social\">\n                \n\t\t\t\t\t\t                                                                                                                                                                                                                                        \n                \t<\/ul> \n                        \n\t\t\t<\/li>\n            \n\t\t\t                    \n                    \n\t\t\t<li style=\"background-color:#FAFAFA;\">\n                \t\n                    <img width=\"85\" height=\"85\" src=\"http:\/\/www.losmolles.com\/web\/wp-content\/uploads\/2014\/11\/jay.jpg\" class=\"tranz wp-post-image\" alt=\"\" loading=\"lazy\" \/>                \n                \t<h3 style=\"color:#333;\">Jay Gore<\/h3>\n                    \n                    <p style=\"color:#333;\" class=\"staffpos\">MISSISSIPPI, EE.UU.<\/p>  \n                    \n                    <p class=\"staff_info\" style=\"background-color:#FAFAFA;color:#333;\">Howard und ich denken immernoch dar\u00fcber nach, welch wunderbare Woche hinter uns liegt und obwohl die Tiere ausgezeichnet waren, war die Erfahrung dank Eurer einzigartigen famili\u00e4ren Atmosph\u00e4re umso sch\u00f6ner. Ihr seid stets bem\u00fcht Eure G\u00e4ste warm und herzlich zu empfangen. Es h\u00e4tte nicht sch\u00f6ner sein k\u00f6nnen. Diese Erinnerungen werden ewig anhalten. Vielen Dank.\r\n \r\nIch habe vielen Bekannten Informationen \u00fcber die Jagd in Los Molles zukommen lassen, sodass es gut m\u00f6glich ist, dass Ihr fr\u00fcher als erwartet weitere J\u00e4ger aus Mississipi empfangen werdet.\r\n\r\nNochmals vielen herzlichen Dank.\r\n\r\n<\/p>  \n                    \n                    <ul class=\"staff_social\">\n                \n\t\t\t\t\t\t                                                                                                                                                                                                                                        \n                \t<\/ul> \n                        \n\t\t\t<\/li>\n            \n\t\t\t                    \n                    \n\t\t\t<li style=\"background-color:#FAFAFA;\">\n                \t\n                    <img width=\"85\" height=\"85\" src=\"http:\/\/www.losmolles.com\/web\/wp-content\/uploads\/2014\/11\/brian.jpg\" class=\"tranz wp-post-image\" alt=\"\" loading=\"lazy\" \/>                \n                \t<h3 style=\"color:#333;\">Brian Welker<\/h3>\n                    \n                    <p style=\"color:#333;\" class=\"staffpos\">Texas, EE.UU.<\/p>  \n                    \n                    <p class=\"staff_info\" style=\"background-color:#FAFAFA;color:#333;\">Wir haben unseren Aufenthalt sehr genossen! DANK IHNEN UND IHREM GESAMTEN TEAM! \r\nUnsere Reise nach Argentinien und der Aufenthalt in Los Molles waren unvergesslich. Wir hatten so viel Spass! Ihr seid ein traumhaftes Team. Wir haben Eure Gegenwart sehr genossen und Juans Aufgabe, uns zu den Tieren zu f\u00fchren \u2013 vor allem Denises Tierchen \u2013 war toll. Oscar war entz\u00fcckend und wir w\u00fcrden gerne erneut mit ihm jagen gehen wenn wir eines Tages zur\u00fcckkommen.\r\nNochmals vielen Dank und wir hoffen, Sie auf der Internationalen Safari Club Konvention  zu treffen. \r\n\r\nLiebe Gr\u00fcsse an alle.\r\n\r\n<\/p>  \n                    \n                    <ul class=\"staff_social\">\n                \n\t\t\t\t\t\t                                                                                                                                                                                                                                        \n                \t<\/ul> \n                        \n\t\t\t<\/li>\n            \n\t\t\t                    \n                    \n\t\t\t<li style=\"background-color:#FAFAFA;\">\n                \t\n                    <img width=\"85\" height=\"85\" src=\"http:\/\/www.losmolles.com\/web\/wp-content\/uploads\/2014\/11\/empty.jpg\" class=\"tranz wp-post-image\" alt=\"\" loading=\"lazy\" \/>                \n                \t<h3 style=\"color:#333;\">Matthew J. DeFrank<\/h3>\n                    \n                    <p style=\"color:#333;\" class=\"staffpos\"><\/p>  \n                    \n                    <p class=\"staff_info\" style=\"background-color:#FAFAFA;color:#333;\">Zun\u00e4chst einmal m\u00f6chten Beth und ich Ihnen f\u00fcr den wundervollen Ausflug danken. Einfach alles \u00fcbertraf unsere Vorstellungen. Das Gasthaus, die Zimmer, das Essen, die Menschen und die Jagd waren absolut perfekt. Wir m\u00f6chten auch unseren Guide Mario nicht vergessen; es war toll ihn w\u00e4hrend des gesamten Aufenthaltes an unserer Seite zu haben. Er ist ein wunderbarer Guide, vor allem wegen seiner enormen Kenntnisse \u00fcber die Jagd, die Flora und die lokalen Vogelarten. Los Molles ist definitiv ein ganz spezieller Ort. Es war uns eine Ehre eine Woche mit Ihnen und Ihrem Personal zu verbringen.  \r\n \r\nWir m\u00f6chten uns ausserdem speziell bei Ihnen bedanken f\u00fcr Ihre wunderbare Gastfreundschaft. Ihr Essen war k\u00f6stlich und es war immer eine Freude mit Ihnen Gespr\u00e4che zu f\u00fchren. Ihre Gegenwart hat unseren Aufenthalt noch sch\u00f6ner gemacht. Ihre Hingabe, damit Ihre G\u00e4ste eine einzigartige Erfahrung mit nach Hause nehmen, war wirklich bemerkenswert.\r\nVielen, vielen Dank. Es ist wundervoll, dass Ihr Vater und Sie diesen einzigartigen Ort erbaut und \u00fcber all die Jahre erhalten haben. Wir hoffen in der nahen Zukunft f\u00fcr ein neues Jagderlebnis zur\u00fcckzukommen und werden Euch \u00fcberall weiterempfehlen, damit so viele wie m\u00f6glich mit Euch zur Jagd gehen.\r\n\r\nVielen Dank nochmal, dass Ihr unseren Aufenthalt in jeder Hinsicht so perfekt gemacht habt.\r\n\r\nHerzlichst,\r\n\r\n<\/p>  \n                    \n                    <ul class=\"staff_social\">\n                \n\t\t\t\t\t\t                                                                                                                                                                                                                                        \n                \t<\/ul> \n                        \n\t\t\t<\/li>\n            \n\t\t\t                    \n                    \n\t\t\t<li style=\"background-color:#FAFAFA;\">\n                \t\n                    <img width=\"85\" height=\"85\" src=\"http:\/\/www.losmolles.com\/web\/wp-content\/uploads\/2014\/11\/empty.jpg\" class=\"tranz wp-post-image\" alt=\"\" loading=\"lazy\" \/>                \n                \t<h3 style=\"color:#333;\">Howard<\/h3>\n                    \n                    <p style=\"color:#333;\" class=\"staffpos\">MISSISSIPPI, EE.UU.<\/p>  \n                    \n                    <p class=\"staff_info\" style=\"background-color:#FAFAFA;color:#333;\">Jay und ich haben den Aufenthalt sehr genossen und die Jagd war ein voller Erfolg. Die Ausgaben waren es wirklich wert. Die Beschreibung der Jagd war sehr pr\u00e4zise und alles hat bestens geklappt. Die Ankunft, der Empfang, die Transfers und Ausfl\u00fcge in Buenos Aires unter der Obhut von Inge waren bestens. Der Empfang auf der Farm und die exzellente K\u00fcche und Betreuung von Irene waren eine sehr angenehme \u00dcberraschung. Irene und ihr Personal waren sehr freundliche Gastgeber, die alles M\u00f6gliche getan haben, um unseren Aufenthalt so sch\u00f6n wie m\u00f6glich zu gestalten. Die Guides waren sehr kompetent und die Hirsche, die sich blitzschnell versteckten, haben uns eine sehr freudige Jagderfahrung beschert. Ich bin jedenfalls sehr zufrieden mit meiner.\r\n\r\nHerzliche Gr\u00fcsse.\r\n\r\n<\/p>  \n                    \n                    <ul class=\"staff_social\">\n                \n\t\t\t\t\t\t                                                                                                                                                                                                                                        \n                \t<\/ul> \n                        \n\t\t\t<\/li>\n            \n\t\t\t                    \n                    \n\t\t\t<li style=\"background-color:#FAFAFA;\">\n                \t\n                    <img width=\"278\" height=\"278\" src=\"http:\/\/www.losmolles.com\/web\/wp-content\/uploads\/2014\/11\/ciervo-colorao-278x278.jpg\" class=\"tranz wp-post-image\" alt=\"\" loading=\"lazy\" srcset=\"http:\/\/www.losmolles.com\/web\/wp-content\/uploads\/2014\/11\/ciervo-colorao-278x278.jpg 278w, http:\/\/www.losmolles.com\/web\/wp-content\/uploads\/2014\/11\/ciervo-colorao-150x150.jpg 150w\" sizes=\"(max-width: 278px) 100vw, 278px\" \/>                \n                \t<h3 style=\"color:#333;\">Steve<\/h3>\n                    \n                    <p style=\"color:#333;\" class=\"staffpos\"><\/p>  \n                    \n                    <p class=\"staff_info\" style=\"background-color:#FAFAFA;color:#333;\">Vielen Dank nochmal f\u00fcr die beste Jagd meines Lebens! Es war eine sehr angenehme Erfahrung, die ich niemals vergessen werde. Viele Gr\u00fcsse an alle! Ich hoffe irgendwann wiederzukommen.\r\nIch sende Euch ein Foto mit meinem Rothirsch. \r\n<\/p>  \n                    \n                    <ul class=\"staff_social\">\n                \n\t\t\t\t\t\t                                                                                                                                                                                                                                        \n                \t<\/ul> \n                        \n\t\t\t<\/li>\n            \n\t\t\t\n        <\/ul>\n        \n                \n        <\/div>\n        <div class=\"clearfix\"><\/div>\n                <\/div>\n","protected":false},"excerpt":{"rendered":"<p>Kundenrezensionen<\/p>\n","protected":false},"author":1,"featured_media":1585,"parent":0,"menu_order":0,"comment_status":"closed","ping_status":"closed","template":"homepage.php","meta":[],"_links":{"self":[{"href":"http:\/\/www.losmolles.com\/web\/de\/wp-json\/wp\/v2\/pages\/2120"}],"collection":[{"href":"http:\/\/www.losmolles.com\/web\/de\/wp-json\/wp\/v2\/pages"}],"about":[{"href":"http:\/\/www.losmolles.com\/web\/de\/wp-json\/wp\/v2\/types\/page"}],"author":[{"embeddable":true,"href":"http:\/\/www.losmolles.com\/web\/de\/wp-json\/wp\/v2\/users\/1"}],"replies":[{"embeddable":true,"href":"http:\/\/www.losmolles.com\/web\/de\/wp-json\/wp\/v2\/comments?post=2120"}],"version-history":[{"count":3,"href":"http:\/\/www.losmolles.com\/web\/de\/wp-json\/wp\/v2\/pages\/2120\/revisions"}],"predecessor-version":[{"id":2216,"href":"http:\/\/www.losmolles.com\/web\/de\/wp-json\/wp\/v2\/pages\/2120\/revisions\/2216"}],"wp:featuredmedia":[{"embeddable":true,"href":"http:\/\/www.losmolles.com\/web\/de\/wp-json\/wp\/v2\/media\/1585"}],"wp:attachment":[{"href":"http:\/\/www.losmolles.com\/web\/de\/wp-json\/wp\/v2\/media?parent=2120"}],"curies":[{"name":"wp","href":"https:\/\/api.w.org\/{rel}","templated":true}]}}