{"id":1710,"date":"2016-01-20T16:38:01","date_gmt":"2016-01-20T16:38:01","guid":{"rendered":"http:\/\/www.losmolles.com\/web\/es\/?page_id=1710"},"modified":"2016-03-30T16:18:07","modified_gmt":"2016-03-30T16:18:07","slug":"quienes-somos","status":"publish","type":"page","link":"http:\/\/www.losmolles.com\/web\/es\/quienes-somos\/","title":{"rendered":"Qui\u00e9nes somos"},"content":{"rendered":"<h1>Qui\u00e9nes somos<\/h1>\n<img src=\"http:\/\/www.losmolles.com\/web\/wp-content\/uploads\/2016\/01\/texto-about-es.png\" alt=\"\" \/>\n<p>Bienvenido a uno de los establecimientos de caza mayor m\u00e1s grandes de la provincia de La Pampa. Con 15.000 hect\u00e1reas de extensi\u00f3n, de las cuales 10.000 est\u00e1n cubiertas de monte, lo esperamos con m\u00e1s de 13 especies aut\u00f3ctonas y ex\u00f3ticas para vivir su aventura.<\/p>\n<p>Los Molles naci\u00f3 como un emprendimiento familiar en 1987 y hoy, atendido por sus due\u00f1os, brinda todo el confort y servicio para que usted se sienta como en casa.<\/p>\n<p>Aqu\u00ed se combinan un coto de caza de alta calidad, zonas de cacer\u00eda desafiantes, trofeos de clase mundial y gu\u00edas expertos con cocina de alto nivel.<\/p>\n<h2>C\u00d3MO LLEGAR<\/h2>\n<p>Los Molles se encuentra ubicado a 1\u00bd hora de distancia por ruta desde el aeropuerto de Santa Rosa, La Pampa.<\/p>\n<p>Aerol\u00edneas Argentinas ofrece vuelos diarios desde Buenos Aires hasta Santa Rosa.<\/p>\n<p>Tambi\u00e9n es posible contratar vuelos charter. Para eso, cont\u00e1ctenos y solicite una cotizaci\u00f3n.<\/p>\n<h2>CLIMA<\/h2>\n<p>En Argentina, las temporadas son opuestas a las de los Estados Unidos o Europa. A continuaci\u00f3n se detalla un promedio de las temperaturas que encontrar\u00e1 en el coto de caza de acuerdo a la fecha de su viaje.<\/p>\n<div class=\"boxes\">\n<div id=\"cont_d20d3c8e879c9a39f1bcd3185257ac4c\"><span id=\"h_d20d3c8e879c9a39f1bcd3185257ac4c\"><a class=\"LinkWid\" style=\"font-family: Roboto; font-size: 13px; color: #00abeb;\" href=\"http:\/\/www.meteored.com.ar\/tiempo-en_Santa+Rosa-America+Sur-Argentina-La+Pampa-SAZR-1-16922.html\" target=\"_blank\">Clima en La Pampa<\/a><\/span><script src=\"https:\/\/www.meteored.com.ar\/wid_loader\/d20d3c8e879c9a39f1bcd3185257ac4c\" async=\"\" type=\"text\/javascript\"><\/script><\/div>\n<\/div>\n<div class=\"boxes\">\n<table border=\"1\" width=\"100%\" cellspacing=\"0\" cellpadding=\"5\">\n<tbody>\n<tr>\n<td>Meses<\/td>\n<td>Temperatura<\/td>\n<\/tr>\n<tr>\n<td>Enero &#8211; Febrero<\/td>\n<td>15 &#8211; 35 \u00ba C<\/td>\n<\/tr>\n<tr>\n<td>Marzo &#8211; Abril<\/td>\n<td>5 \u2013 25 \u00ba C<\/td>\n<\/tr>\n<tr>\n<td>Mayo &#8211; Junio<\/td>\n<td>0 \u2013 20 \u00ba C<\/td>\n<\/tr>\n<tr>\n<td>Julio \u2013 Agosto<\/td>\n<td>-3 \u2013 15\u00ba C<\/td>\n<\/tr>\n<tr>\n<td>Septiembre &#8211; Octubre<\/td>\n<td>10 \u2013 30 \u00ba C<\/td>\n<\/tr>\n<tr>\n<td>Noviembre &#8211; Deciembre<\/td>\n<td>15 &#8211; 35 \u00ba C<\/td>\n<\/tr>\n<\/tbody>\n<\/table>\n<\/div>\n","protected":false},"excerpt":{"rendered":"<p>Qui\u00e9nes somos Bienvenido a uno de los establecimientos de caza mayor m\u00e1s grandes de la provincia de La Pampa. Con 15.000 hect\u00e1reas de extensi\u00f3n, de las cuales 10.000 est\u00e1n cubiertas de monte, lo esperamos con m\u00e1s de 13 especies aut\u00f3ctonas y ex\u00f3ticas para vivir su aventura. Los Molles naci\u00f3 como un emprendimiento familiar en 1987 &hellip;<\/p>\n","protected":false},"author":1,"featured_media":1558,"parent":0,"menu_order":0,"comment_status":"closed","ping_status":"closed","template":"homepage.php","meta":[],"_links":{"self":[{"href":"http:\/\/www.losmolles.com\/web\/es\/wp-json\/wp\/v2\/pages\/1710"}],"collection":[{"href":"http:\/\/www.losmolles.com\/web\/es\/wp-json\/wp\/v2\/pages"}],"about":[{"href":"http:\/\/www.losmolles.com\/web\/es\/wp-json\/wp\/v2\/types\/page"}],"author":[{"embeddable":true,"href":"http:\/\/www.losmolles.com\/web\/es\/wp-json\/wp\/v2\/users\/1"}],"replies":[{"embeddable":true,"href":"http:\/\/www.losmolles.com\/web\/es\/wp-json\/wp\/v2\/comments?post=1710"}],"version-history":[{"count":7,"href":"http:\/\/www.losmolles.com\/web\/es\/wp-json\/wp\/v2\/pages\/1710\/revisions"}],"predecessor-version":[{"id":1851,"href":"http:\/\/www.losmolles.com\/web\/es\/wp-json\/wp\/v2\/pages\/1710\/revisions\/1851"}],"wp:featuredmedia":[{"embeddable":true,"href":"http:\/\/www.losmolles.com\/web\/es\/wp-json\/wp\/v2\/media\/1558"}],"wp:attachment":[{"href":"http:\/\/www.losmolles.com\/web\/es\/wp-json\/wp\/v2\/media?parent=1710"}],"curies":[{"name":"wp","href":"https:\/\/api.w.org\/{rel}","templated":true}]}}