{"id":1799,"date":"2016-01-12T19:07:22","date_gmt":"2016-01-12T19:07:22","guid":{"rendered":"http:\/\/www.losmolles.com\/web\/es\/testimonials\/"},"modified":"2016-03-21T13:27:46","modified_gmt":"2016-03-21T13:27:46","slug":"testimonials","status":"publish","type":"page","link":"http:\/\/www.losmolles.com\/web\/es\/testimonials\/","title":{"rendered":"Testimonios"},"content":{"rendered":"<h1>Testimonios<\/h1>\n<div id=\"aq-block-1531-1\" class=\"aq-block aq-block-aq_staff_block aq_span12 aq-first clearfix\">\t\t\t\n\t\t        \n        <div class=\"widgetwrap widgetwrap-alt\">\n        \n\t\t\t        \n            \n            \n        <ul class=\"staff testimonials_box\"> \n            \n            \n\t\t\t                    \n                    \n\t\t\t<li style=\"background-color:#FAFAFA;\">\n                \t\n                    <img width=\"85\" height=\"85\" src=\"http:\/\/www.losmolles.com\/web\/wp-content\/uploads\/2014\/11\/thomas-parker.jpg\" class=\"tranz wp-post-image\" alt=\"\" loading=\"lazy\" \/>                \n                \t<h3 style=\"color:#333;\">Thomas J. Parker<\/h3>\n                    \n                    <p style=\"color:#333;\" class=\"staffpos\">ATLANTA, USA<\/p>  \n                    \n                    <p class=\"staff_info\" style=\"background-color:#FAFAFA;color:#333;\">Quer\u00eda que supiera que disfrutamos mucho de nuestra experiencia de caza en Los Molles. \r\nTodos los aspectos del viaje fueron sumamente cuidados lo que result\u00f3 en una experiencia excelente, excepto por el hecho de no contar con nuestras propias armas.  Claro que las armas suministradas por Los Molles fueron de gran calidad (pero, no eran las nuestras).  La comida fue maravillosa (5 estrellas) y todos est\u00e1bamos satisfechos con la calidad de los animales cazados y el trabajo de su gu\u00eda.  Wagner nos brind\u00f3 un servicio de apoyo extraordinario y el personal de la hoster\u00eda siempre fue muy atento y estuvo dispuesto a ayudar.\r\n\r\n\u00a1Muchas gracias, nuevamente, por una gran experiencia!\r\n\r\n<\/p>  \n                    \n                    <ul class=\"staff_social\">\n                \n\t\t\t\t\t\t                                                                                                                                                                                                                                        \n                \t<\/ul> \n                        \n\t\t\t<\/li>\n            \n\t\t\t                    \n                    \n\t\t\t<li style=\"background-color:#FAFAFA;\">\n                \t\n                    <img width=\"85\" height=\"85\" src=\"http:\/\/www.losmolles.com\/web\/wp-content\/uploads\/2014\/11\/greg-lavitt.jpg\" class=\"tranz wp-post-image\" alt=\"\" loading=\"lazy\" \/>                \n                \t<h3 style=\"color:#333;\">Greg Lavitt<\/h3>\n                    \n                    <p style=\"color:#333;\" class=\"staffpos\">OMAHA, USA<\/p>  \n                    \n                    <p class=\"staff_info\" style=\"background-color:#FAFAFA;color:#333;\">\u00a1Muchas gracias por la estad\u00eda maravillosa en Los Molles! La cacer\u00eda super\u00f3 nuestras expectativas y, tanto la comida como el alojamiento, fueron espectaculares. Su hospitalidad fue gentil y c\u00e1lida. \u00a1Es una anfitriona maravillosa!\r\nTambi\u00e9n quisiera reconocer el apoyo que Inge nos brind\u00f3 en Buenos Aires. Efectivamente, facilit\u00f3 mucho los desaf\u00edos que los visitantes extranjeros enfrentan en la gran ciudad. Inge fue siempre amigable y profesional. Nuestro grupo se habr\u00eda perdido sin ella. Inge es un verdadero valor agregado en su negocio y, como cliente, lo agradezco profundamente.\r\n\u00a1Muchas gracias, nuevamente, por una experiencia de alt\u00edsimo nivel!\r\n\r\n\u00a1No vemos la hora de regresar!\r\nSaludos cordiales.\r\n<\/p>  \n                    \n                    <ul class=\"staff_social\">\n                \n\t\t\t\t\t\t                                                                                                                                                                                                                                        \n                \t<\/ul> \n                        \n\t\t\t<\/li>\n            \n\t\t\t                    \n                    \n\t\t\t<li style=\"background-color:#FAFAFA;\">\n                \t\n                    <img width=\"85\" height=\"85\" src=\"http:\/\/www.losmolles.com\/web\/wp-content\/uploads\/2014\/11\/jay.jpg\" class=\"tranz wp-post-image\" alt=\"\" loading=\"lazy\" \/>                \n                \t<h3 style=\"color:#333;\">Jay Gore<\/h3>\n                    \n                    <p style=\"color:#333;\" class=\"staffpos\">MISSISSIPPI, USA<\/p>  \n                    \n                    <p class=\"staff_info\" style=\"background-color:#FAFAFA;color:#333;\">Howard y yo recordamos qu\u00e9 experiencia tan espectacular vivimos la semana pasada y si bien los animales fueron estupendos, la experiencia fue m\u00e1s placentera gracias a usted y a la atm\u00f3sfera familiar que usted crea. Todo el esfuerzo resulta en una recepci\u00f3n c\u00e1lida y cuidadosa de los clientes. No podr\u00eda haber sido m\u00e1s placentero. Estos recuerdos perdurar\u00e1n para siempre. Muchas gracias.\r\nHe comentado con varias personas que me solicitaron informaci\u00f3n sobre cacer\u00eda en Los Molles, de modo que es posible que reciba m\u00e1s cazadores de Misisipi antes de lo que imagina.\r\n\r\nMuchas gracias nuevamente.\r\n<\/p>  \n                    \n                    <ul class=\"staff_social\">\n                \n\t\t\t\t\t\t                                                                                                                                                                                                                                        \n                \t<\/ul> \n                        \n\t\t\t<\/li>\n            \n\t\t\t                    \n                    \n\t\t\t<li style=\"background-color:#FAFAFA;\">\n                \t\n                    <img width=\"85\" height=\"85\" src=\"http:\/\/www.losmolles.com\/web\/wp-content\/uploads\/2014\/11\/brian.jpg\" class=\"tranz wp-post-image\" alt=\"\" loading=\"lazy\" \/>                \n                \t<h3 style=\"color:#333;\">Brian Welker<\/h3>\n                    \n                    <p style=\"color:#333;\" class=\"staffpos\">Texas, USA<\/p>  \n                    \n                    <p class=\"staff_info\" style=\"background-color:#FAFAFA;color:#333;\">\u00a1La pasamos muy bien! \u00a1GRACIAS A USTED Y A SU EQUIPO! \r\nNuestro viaje a Argentina y la estad\u00eda en Los Molles han sido inolvidables. \u00a1Nos divertimos much\u00edsimo! Cuenta con un equipo magn\u00edfico. Disfrutamos mucho de la compa\u00f1\u00eda y el trabajo de Juan, de llevarnos hasta donde estaban los animales, especialmente los bichos de Denise. Oscar fue un encanto y nos gustar\u00eda ir de caza nuevamente con \u00e9l cuando volvamos alg\u00fan d\u00eda. \r\nMuchas gracias nuevamente y esperamos encontrarla en la Convenci\u00f3n de Safari Club Internacional. \r\n\r\nCari\u00f1os a todos.<\/p>  \n                    \n                    <ul class=\"staff_social\">\n                \n\t\t\t\t\t\t                                                                                                                                                                                                                                        \n                \t<\/ul> \n                        \n\t\t\t<\/li>\n            \n\t\t\t                    \n                    \n\t\t\t<li style=\"background-color:#FAFAFA;\">\n                \t\n                    <img width=\"85\" height=\"85\" src=\"http:\/\/www.losmolles.com\/web\/wp-content\/uploads\/2014\/11\/empty.jpg\" class=\"tranz wp-post-image\" alt=\"\" loading=\"lazy\" \/>                \n                \t<h3 style=\"color:#333;\">Matthew J. DeFrank<\/h3>\n                    \n                    <p style=\"color:#333;\" class=\"staffpos\"><\/p>  \n                    \n                    <p class=\"staff_info\" style=\"background-color:#FAFAFA;color:#333;\">Antes que nada, Beth y yo queremos agradecerle por el maravilloso paseo. Todo super\u00f3 nuestras expectativas. La estancia, las habitaciones, la comida, la gente y la cacer\u00eda fueron absolutamente perfectos. Sin olvidarnos de Mario, nuestro gu\u00eda; fue un placer contar con su compa\u00f1\u00eda durante nuestra semana all\u00ed. Es un gu\u00eda espectacular, adem\u00e1s de contar con un conocimiento profundo de la cacer\u00eda, la flora y las aves locales. Los Molles es un lugar definitivamente muy especial. Fue un honor compartir una semana con usted y su personal. \r\n \r\nTambi\u00e9n nos gustar\u00eda agradecerle especialmente a usted, por ser una anfitriona tan maravillosa. Su comida estaba exquisita y fue siempre un placer conversar con usted. Su presencia represent\u00f3 un valor agregado en nuestro viaje. Su dedicaci\u00f3n para que sus clientes vivan una gran experiencia es notable. Muchas pero muchas gracias. Es maravilloso que su padre y usted hayan construido y preservado un lugar tan especial. Esperamos poder regresar para una nueva cacer\u00eda en el futuro, y les recomendaremos todos los clientes que podamos para que vayan a cazar con ustedes.\r\n \r\nMuchas gracias nuevamente por hacer que nuestro viaje haya sido perfecto en todos los sentidos. \r\nSinceramente.\r\n<\/p>  \n                    \n                    <ul class=\"staff_social\">\n                \n\t\t\t\t\t\t                                                                                                                                                                                                                                        \n                \t<\/ul> \n                        \n\t\t\t<\/li>\n            \n\t\t\t                    \n                    \n\t\t\t<li style=\"background-color:#FAFAFA;\">\n                \t\n                    <img width=\"85\" height=\"85\" src=\"http:\/\/www.losmolles.com\/web\/wp-content\/uploads\/2014\/11\/empty.jpg\" class=\"tranz wp-post-image\" alt=\"\" loading=\"lazy\" \/>                \n                \t<h3 style=\"color:#333;\">Howard<\/h3>\n                    \n                    <p style=\"color:#333;\" class=\"staffpos\">MISSISSIPPI, USA<\/p>  \n                    \n                    <p class=\"staff_info\" style=\"background-color:#FAFAFA;color:#333;\">Jay y yo disfrutamos mucho y la cacer\u00eda fue todo un \u00e9xito. Solo quer\u00eda comentarle que sentimos que la inversi\u00f3n vali\u00f3 la pena. La descripci\u00f3n de la cacer\u00eda fue muy precisa y todo funcion\u00f3 perfectamente. La llegada, la recepci\u00f3n, los traslados y paseos en Buenos Aires al cuidado de Inge fueron impecables. La recepci\u00f3n en la estancia para ser mimados y disfrutar de la cocina de Irene tambi\u00e9n fue una sorpresa. Irene y su personal fueron anfitriones amables que hicieron todo lo posible para agradarnos. Los gu\u00edas fueron sumamente competentes y los ciervos, que se escond\u00edan sagazmente, nos brindaron una experiencia de caza muy divertida; por lo menos, estoy muy satisfecho con la m\u00eda.\r\n\r\nUn cordial saludo.\r\n<\/p>  \n                    \n                    <ul class=\"staff_social\">\n                \n\t\t\t\t\t\t                                                                                                                                                                                                                                        \n                \t<\/ul> \n                        \n\t\t\t<\/li>\n            \n\t\t\t                    \n                    \n\t\t\t<li style=\"background-color:#FAFAFA;\">\n                \t\n                    <img width=\"278\" height=\"278\" src=\"http:\/\/www.losmolles.com\/web\/wp-content\/uploads\/2014\/11\/ciervo-colorao-278x278.jpg\" class=\"tranz wp-post-image\" alt=\"\" loading=\"lazy\" srcset=\"http:\/\/www.losmolles.com\/web\/wp-content\/uploads\/2014\/11\/ciervo-colorao-278x278.jpg 278w, http:\/\/www.losmolles.com\/web\/wp-content\/uploads\/2014\/11\/ciervo-colorao-150x150.jpg 150w\" sizes=\"(max-width: 278px) 100vw, 278px\" \/>                \n                \t<h3 style=\"color:#333;\">Steve<\/h3>\n                    \n                    <p style=\"color:#333;\" class=\"staffpos\"><\/p>  \n                    \n                    <p class=\"staff_info\" style=\"background-color:#FAFAFA;color:#333;\">Thanks again for a hunt of a lifetime. It was very enjoyable and an experience I won\u2019t forget. Please tell everyone hello! I hope to make it back some day. I have attached a picture of my Red Stag.<\/p>  \n                    \n                    <ul class=\"staff_social\">\n                \n\t\t\t\t\t\t                                                                                                                                                                                                                                        \n                \t<\/ul> \n                        \n\t\t\t<\/li>\n            \n\t\t\t\n        <\/ul>\n        \n                \n        <\/div>\n        <div class=\"clearfix\"><\/div>\n                <\/div>\n","protected":false},"excerpt":{"rendered":"<p>Testimonios<\/p>\n","protected":false},"author":1,"featured_media":1587,"parent":0,"menu_order":0,"comment_status":"closed","ping_status":"closed","template":"homepage.php","meta":[],"_links":{"self":[{"href":"http:\/\/www.losmolles.com\/web\/es\/wp-json\/wp\/v2\/pages\/1799"}],"collection":[{"href":"http:\/\/www.losmolles.com\/web\/es\/wp-json\/wp\/v2\/pages"}],"about":[{"href":"http:\/\/www.losmolles.com\/web\/es\/wp-json\/wp\/v2\/types\/page"}],"author":[{"embeddable":true,"href":"http:\/\/www.losmolles.com\/web\/es\/wp-json\/wp\/v2\/users\/1"}],"replies":[{"embeddable":true,"href":"http:\/\/www.losmolles.com\/web\/es\/wp-json\/wp\/v2\/comments?post=1799"}],"version-history":[{"count":5,"href":"http:\/\/www.losmolles.com\/web\/es\/wp-json\/wp\/v2\/pages\/1799\/revisions"}],"predecessor-version":[{"id":2218,"href":"http:\/\/www.losmolles.com\/web\/es\/wp-json\/wp\/v2\/pages\/1799\/revisions\/2218"}],"wp:featuredmedia":[{"embeddable":true,"href":"http:\/\/www.losmolles.com\/web\/es\/wp-json\/wp\/v2\/media\/1587"}],"wp:attachment":[{"href":"http:\/\/www.losmolles.com\/web\/es\/wp-json\/wp\/v2\/media?parent=1799"}],"curies":[{"name":"wp","href":"https:\/\/api.w.org\/{rel}","templated":true}]}}