{"id":1783,"date":"2016-01-08T13:26:56","date_gmt":"2016-01-08T13:26:56","guid":{"rendered":"http:\/\/www.losmolles.com\/web\/es\/species\/"},"modified":"2022-01-20T14:38:22","modified_gmt":"2022-01-20T14:38:22","slug":"species","status":"publish","type":"page","link":"https:\/\/www.losmolles.com\/web\/es\/species\/","title":{"rendered":"Especies y Temporadas"},"content":{"rendered":"<h1>Especies y Temporadas<\/h1>\n<img loading=\"lazy\" class=\"alignnone size-full wp-image-1862\" src=\"http:\/\/www.losmolles.com\/web\/wp-content\/uploads\/2016\/01\/texto-species-es.png\" alt=\"texto-species-es\" width=\"789\" height=\"74\" srcset=\"https:\/\/www.losmolles.com\/web\/wp-content\/uploads\/2016\/01\/texto-species-es.png 789w, https:\/\/www.losmolles.com\/web\/wp-content\/uploads\/2016\/01\/texto-species-es-300x28.png 300w, https:\/\/www.losmolles.com\/web\/wp-content\/uploads\/2016\/01\/texto-species-es-768x72.png 768w, https:\/\/www.losmolles.com\/web\/wp-content\/uploads\/2016\/01\/texto-species-es-381x36.png 381w, https:\/\/www.losmolles.com\/web\/wp-content\/uploads\/2016\/01\/texto-species-es-786x74.png 786w\" sizes=\"(max-width: 789px) 100vw, 789px\" \/>\n<p>Los Molles es tierra de magn\u00edficas especies como el CIERVO COLORADO (Red Stag), JABAL\u00cd (Wild Boar), CABRA SALVAJE (Wild Goat), B\u00daFALO DE AGUA (Water Buffalo), ANT\u00cdLOPE NEGRO (Blackbuck Antilope), MUFLON (European Mouflon), CIERVO AXIS (Axis Deer), CARNERO TEXAS DAL (Texas Dall Sheep), CARNERO DE CUATRO CUERNOS (Four-horn Ram), CARNERO ESCOCES DE CARA NEGRA (Scottish Black Face Ram), CIERVO DAMA (Fallow Deer). Cada una de estas especies sumar\u00e1 adrenalina y prestigio a su colecci\u00f3n de trofeos.<\/p>\n<p>Para que su experiencia de caza sea \u00fanica, adecuamos las cacer\u00edas a sus objetivos y le proporcionamos un gu\u00eda personal que lo acompa\u00f1ar\u00e1 de forma permanente.<\/p>\n<p>Cualquiera sea su procedencia, en los grupos de caza siempre encontrar\u00e1 alguien que hable ingl\u00e9s, espa\u00f1ol y alem\u00e1n para hacer m\u00e1s fluida la vivencia.<\/p>\n<p>Se incluye la preparaci\u00f3n primaria de trofeos y todo el equipo necesario y, si lo desea, es posible solicitar el suministro de munici\u00f3n.<\/p>\n<div id=\"aq-block-1344-1\" class=\"aq-block aq-block-aq_folio_classic aq_span12 aq-first clearfix\">        \n\t\t     \n        \n        <div class=\"widgetwrap widgetwrap-alt\">\n            \n\t\t\t\t                \n                \t\t\t\t\t\t\t\n\t\t\t\t\t<!-- featured-->\n\t\t\t\t\t<ul class=\"folio threefolio\">\n\t\t\t\t\t\t\t\n\t\t\t\t\t\t                <li class=\"fblock trans\">\n                        \n\t\t\t\t                    \n                  \t\t<div class=\"imgwrap\">\n                      \n                           <a href=\"https:\/\/www.losmolles.com\/web\/es\/work\/gold-medal-red-stag-2\/\" title=\"Gold Medal Red Stag\" >\n                           \n                              <img width=\"368\" height=\"315\" src=\"https:\/\/www.losmolles.com\/web\/wp-content\/uploads\/2019\/02\/gold-medal-red-stag-368x315.jpg\" class=\"tranz wp-post-image\" alt=\"\" loading=\"lazy\" \/>                              \n                           <\/a>\n                           \n                  \t\t<\/div>\n                      \n                                     \n                  <div class=\"clearfix\"><\/div>\n                  \n                  <div class=\"post-inn trans\">\n                      \n                      <p class=\"meta\"><a href=\"https:\/\/www.losmolles.com\/web\/categories\/species\/\" rel=\"tag\">Species<\/a> <\/p>\n                          \n                      <h3><a href=\"https:\/\/www.losmolles.com\/web\/es\/work\/gold-medal-red-stag-2\/\" title=\"Gold Medal Red Stag\">Gold Medal Red Stag<\/a><\/h3>\n                      \n                  <\/div>\n                            \n                <\/li>\t\t\n\t\t\t\t\t\t\t\n\t\t\t\t\t\t                <li class=\"fblock trans\">\n                        \n\t\t\t\t                    \n                  \t\t<div class=\"imgwrap\">\n                      \n                           <a href=\"https:\/\/www.losmolles.com\/web\/es\/work\/wild-boar\/\" title=\"Wild Boar\" >\n                           \n                              <img width=\"368\" height=\"315\" src=\"https:\/\/www.losmolles.com\/web\/wp-content\/uploads\/2016\/01\/03-Wild-Boar-368x315.jpg\" class=\"tranz wp-post-image\" alt=\"\" loading=\"lazy\" \/>                              \n                           <\/a>\n                           \n                  \t\t<\/div>\n                      \n                                     \n                  <div class=\"clearfix\"><\/div>\n                  \n                  <div class=\"post-inn trans\">\n                      \n                      <p class=\"meta\"><a href=\"https:\/\/www.losmolles.com\/web\/categories\/species\/\" rel=\"tag\">Species<\/a> <\/p>\n                          \n                      <h3><a href=\"https:\/\/www.losmolles.com\/web\/es\/work\/wild-boar\/\" title=\"Wild Boar\">Wild Boar<\/a><\/h3>\n                      \n                  <\/div>\n                            \n                <\/li>\t\t\n\t\t\t\t\t\t\t\n\t\t\t\t\t\t                <li class=\"fblock trans\">\n                        \n\t\t\t\t                    \n                  \t\t<div class=\"imgwrap\">\n                      \n                           <a href=\"https:\/\/www.losmolles.com\/web\/es\/work\/gold-medal-fallowdeer-2\/\" title=\"Gold Medal Fallow Deer\" >\n                           \n                              <img width=\"368\" height=\"315\" src=\"https:\/\/www.losmolles.com\/web\/wp-content\/uploads\/2016\/01\/11-Gold-Medal-Fallow-Deer-368x315.jpg\" class=\"tranz wp-post-image\" alt=\"\" loading=\"lazy\" \/>                              \n                           <\/a>\n                           \n                  \t\t<\/div>\n                      \n                                     \n                  <div class=\"clearfix\"><\/div>\n                  \n                  <div class=\"post-inn trans\">\n                      \n                      <p class=\"meta\"><a href=\"https:\/\/www.losmolles.com\/web\/categories\/species\/\" rel=\"tag\">Species<\/a> <\/p>\n                          \n                      <h3><a href=\"https:\/\/www.losmolles.com\/web\/es\/work\/gold-medal-fallowdeer-2\/\" title=\"Gold Medal Fallow Deer\">Gold Medal Fallow Deer<\/a><\/h3>\n                      \n                  <\/div>\n                            \n                <\/li>\t\t\n\t\t\t\t\t\t\t\n\t\t\t\t\t\t                <li class=\"fblock trans\">\n                        \n\t\t\t\t                    \n                  \t\t<div class=\"imgwrap\">\n                      \n                           <a href=\"https:\/\/www.losmolles.com\/web\/es\/work\/gold-medal-axis-deer-2\/\" title=\"Gold Medal Axis Deer\" >\n                           \n                              <img width=\"368\" height=\"315\" src=\"https:\/\/www.losmolles.com\/web\/wp-content\/uploads\/2016\/01\/05-Gold-Medal-Axis-Deer-368x315.jpg\" class=\"tranz wp-post-image\" alt=\"\" loading=\"lazy\" \/>                              \n                           <\/a>\n                           \n                  \t\t<\/div>\n                      \n                                     \n                  <div class=\"clearfix\"><\/div>\n                  \n                  <div class=\"post-inn trans\">\n                      \n                      <p class=\"meta\"><a href=\"https:\/\/www.losmolles.com\/web\/categories\/species\/\" rel=\"tag\">Species<\/a> <\/p>\n                          \n                      <h3><a href=\"https:\/\/www.losmolles.com\/web\/es\/work\/gold-medal-axis-deer-2\/\" title=\"Gold Medal Axis Deer\">Gold Medal Axis Deer<\/a><\/h3>\n                      \n                  <\/div>\n                            \n                <\/li>\t\t\n\t\t\t\t\t\t\t\n\t\t\t\t\t\t                <li class=\"fblock trans\">\n                        \n\t\t\t\t                    \n                  \t\t<div class=\"imgwrap\">\n                      \n                           <a href=\"https:\/\/www.losmolles.com\/web\/es\/work\/gold-medal-water-buffalo-2\/\" title=\"Gold Medal Water Buffalo\" >\n                           \n                              <img width=\"368\" height=\"315\" src=\"https:\/\/www.losmolles.com\/web\/wp-content\/uploads\/2016\/01\/06-Gold-Medal-Water-Buffalo-368x315.jpg\" class=\"tranz wp-post-image\" alt=\"\" loading=\"lazy\" \/>                              \n                           <\/a>\n                           \n                  \t\t<\/div>\n                      \n                                     \n                  <div class=\"clearfix\"><\/div>\n                  \n                  <div class=\"post-inn trans\">\n                      \n                      <p class=\"meta\"><a href=\"https:\/\/www.losmolles.com\/web\/categories\/species\/\" rel=\"tag\">Species<\/a> <\/p>\n                          \n                      <h3><a href=\"https:\/\/www.losmolles.com\/web\/es\/work\/gold-medal-water-buffalo-2\/\" title=\"Gold Medal Water Buffalo\">Gold Medal Water Buffalo<\/a><\/h3>\n                      \n                  <\/div>\n                            \n                <\/li>\t\t\n\t\t\t\t\t\t\t\n\t\t\t\t\t\t                <li class=\"fblock trans\">\n                        \n\t\t\t\t                    \n                  \t\t<div class=\"imgwrap\">\n                      \n                           <a href=\"https:\/\/www.losmolles.com\/web\/es\/work\/red-stag-5\/\" title=\"Red Stag\" >\n                           \n                              <img width=\"368\" height=\"315\" src=\"https:\/\/www.losmolles.com\/web\/wp-content\/uploads\/2019\/12\/Red-stag-6-368x315.jpg\" class=\"tranz wp-post-image\" alt=\"\" loading=\"lazy\" \/>                              \n                           <\/a>\n                           \n                  \t\t<\/div>\n                      \n                                     \n                  <div class=\"clearfix\"><\/div>\n                  \n                  <div class=\"post-inn trans\">\n                      \n                      <p class=\"meta\"><a href=\"https:\/\/www.losmolles.com\/web\/categories\/species\/\" rel=\"tag\">Species<\/a> <\/p>\n                          \n                      <h3><a href=\"https:\/\/www.losmolles.com\/web\/es\/work\/red-stag-5\/\" title=\"Red Stag\">Red Stag<\/a><\/h3>\n                      \n                  <\/div>\n                            \n                <\/li>\t\t\n\t\t\t\t\t\t\t\n\t\t\t\t\t\t                <li class=\"fblock trans\">\n                        \n\t\t\t\t                    \n                  \t\t<div class=\"imgwrap\">\n                      \n                           <a href=\"https:\/\/www.losmolles.com\/web\/es\/work\/water-buffalo-6\/\" title=\"Water Buffalo\" >\n                           \n                              <img width=\"368\" height=\"315\" src=\"https:\/\/www.losmolles.com\/web\/wp-content\/uploads\/2019\/12\/Water-buffalo-5-368x315.jpg\" class=\"tranz wp-post-image\" alt=\"\" loading=\"lazy\" \/>                              \n                           <\/a>\n                           \n                  \t\t<\/div>\n                      \n                                     \n                  <div class=\"clearfix\"><\/div>\n                  \n                  <div class=\"post-inn trans\">\n                      \n                      <p class=\"meta\"><a href=\"https:\/\/www.losmolles.com\/web\/categories\/species\/\" rel=\"tag\">Species<\/a> <\/p>\n                          \n                      <h3><a href=\"https:\/\/www.losmolles.com\/web\/es\/work\/water-buffalo-6\/\" title=\"Water Buffalo\">Water Buffalo<\/a><\/h3>\n                      \n                  <\/div>\n                            \n                <\/li>\t\t\n\t\t\t\t\t\t\t\n\t\t\t\t\t\t                <li class=\"fblock trans\">\n                        \n\t\t\t\t                    \n                  \t\t<div class=\"imgwrap\">\n                      \n                           <a href=\"https:\/\/www.losmolles.com\/web\/es\/work\/texas-dall-sheep-2\/\" title=\"Texas Dall Sheep\" >\n                           \n                              <img width=\"368\" height=\"315\" src=\"https:\/\/www.losmolles.com\/web\/wp-content\/uploads\/2019\/12\/Texas-Dall-Sheep-368x315.jpg\" class=\"tranz wp-post-image\" alt=\"\" loading=\"lazy\" \/>                              \n                           <\/a>\n                           \n                  \t\t<\/div>\n                      \n                                     \n                  <div class=\"clearfix\"><\/div>\n                  \n                  <div class=\"post-inn trans\">\n                      \n                      <p class=\"meta\"><a href=\"https:\/\/www.losmolles.com\/web\/categories\/species\/\" rel=\"tag\">Species<\/a> <\/p>\n                          \n                      <h3><a href=\"https:\/\/www.losmolles.com\/web\/es\/work\/texas-dall-sheep-2\/\" title=\"Texas Dall Sheep\">Texas Dall Sheep<\/a><\/h3>\n                      \n                  <\/div>\n                            \n                <\/li>\t\t\n\t\t\t\t\t\t\t\n\t\t\t\t\t\t                <li class=\"fblock trans\">\n                        \n\t\t\t\t                    \n                  \t\t<div class=\"imgwrap\">\n                      \n                           <a href=\"https:\/\/www.losmolles.com\/web\/es\/work\/water-buffalo-5\/\" title=\"Water Buffalo\" >\n                           \n                              <img width=\"368\" height=\"315\" src=\"https:\/\/www.losmolles.com\/web\/wp-content\/uploads\/2019\/12\/Water-buffalo-3-368x315.jpg\" class=\"tranz wp-post-image\" alt=\"\" loading=\"lazy\" \/>                              \n                           <\/a>\n                           \n                  \t\t<\/div>\n                      \n                                     \n                  <div class=\"clearfix\"><\/div>\n                  \n                  <div class=\"post-inn trans\">\n                      \n                      <p class=\"meta\"><a href=\"https:\/\/www.losmolles.com\/web\/categories\/species\/\" rel=\"tag\">Species<\/a> <\/p>\n                          \n                      <h3><a href=\"https:\/\/www.losmolles.com\/web\/es\/work\/water-buffalo-5\/\" title=\"Water Buffalo\">Water Buffalo<\/a><\/h3>\n                      \n                  <\/div>\n                            \n                <\/li>\t\t\n\t\t\t\t\t\t\t\n\t\t\t\t\t\t                <li class=\"fblock trans\">\n                        \n\t\t\t\t                    \n                  \t\t<div class=\"imgwrap\">\n                      \n                           <a href=\"https:\/\/www.losmolles.com\/web\/es\/work\/axis-deer\/\" title=\"Axis deer\" >\n                           \n                              <img width=\"368\" height=\"315\" src=\"https:\/\/www.losmolles.com\/web\/wp-content\/uploads\/2019\/12\/Axis-deer-368x315.jpg\" class=\"tranz wp-post-image\" alt=\"\" loading=\"lazy\" \/>                              \n                           <\/a>\n                           \n                  \t\t<\/div>\n                      \n                                     \n                  <div class=\"clearfix\"><\/div>\n                  \n                  <div class=\"post-inn trans\">\n                      \n                      <p class=\"meta\"><a href=\"https:\/\/www.losmolles.com\/web\/categories\/species\/\" rel=\"tag\">Species<\/a> <\/p>\n                          \n                      <h3><a href=\"https:\/\/www.losmolles.com\/web\/es\/work\/axis-deer\/\" title=\"Axis deer\">Axis deer<\/a><\/h3>\n                      \n                  <\/div>\n                            \n                <\/li>\t\t\n\t\t\t\t\t\t\t\n\t\t\t\t\t\t                <li class=\"fblock trans\">\n                        \n\t\t\t\t                    \n                  \t\t<div class=\"imgwrap\">\n                      \n                           <a href=\"https:\/\/www.losmolles.com\/web\/es\/work\/red-stag-7\/\" title=\"Red Stag\" >\n                           \n                              <img width=\"368\" height=\"315\" src=\"https:\/\/www.losmolles.com\/web\/wp-content\/uploads\/2019\/12\/Red-stag-9-368x315.jpg\" class=\"tranz wp-post-image\" alt=\"\" loading=\"lazy\" \/>                              \n                           <\/a>\n                           \n                  \t\t<\/div>\n                      \n                                     \n                  <div class=\"clearfix\"><\/div>\n                  \n                  <div class=\"post-inn trans\">\n                      \n                      <p class=\"meta\"><a href=\"https:\/\/www.losmolles.com\/web\/categories\/species\/\" rel=\"tag\">Species<\/a> <\/p>\n                          \n                      <h3><a href=\"https:\/\/www.losmolles.com\/web\/es\/work\/red-stag-7\/\" title=\"Red Stag\">Red Stag<\/a><\/h3>\n                      \n                  <\/div>\n                            \n                <\/li>\t\t\n\t\t\t\t\t\t\t\n\t\t\t\t\t\t                <li class=\"fblock trans\">\n                        \n\t\t\t\t                    \n                  \t\t<div class=\"imgwrap\">\n                      \n                           <a href=\"https:\/\/www.losmolles.com\/web\/es\/work\/trophies-3\/\" title=\"Trophies\" >\n                           \n                              <img width=\"368\" height=\"315\" src=\"https:\/\/www.losmolles.com\/web\/wp-content\/uploads\/2019\/12\/Trophies-3-368x315.jpg\" class=\"tranz wp-post-image\" alt=\"\" loading=\"lazy\" \/>                              \n                           <\/a>\n                           \n                  \t\t<\/div>\n                      \n                                     \n                  <div class=\"clearfix\"><\/div>\n                  \n                  <div class=\"post-inn trans\">\n                      \n                      <p class=\"meta\"><a href=\"https:\/\/www.losmolles.com\/web\/categories\/species\/\" rel=\"tag\">Species<\/a> <\/p>\n                          \n                      <h3><a href=\"https:\/\/www.losmolles.com\/web\/es\/work\/trophies-3\/\" title=\"Trophies\">Trophies<\/a><\/h3>\n                      \n                  <\/div>\n                            \n                <\/li>\t\t\n\t\t\t\t\t\t\t\t\t\t<\/ul>\n\t\t\t\t\t\t\t\t\t\t<!-- end featured-->\n                    \n                \n            \t                \n\t\t<\/div><!-- end. widgetwrap -->\n            \n\t\t<\/div>\n<p><strong>Temporadas seg\u00fan especie:<\/strong><\/p>\n<div class=\"boxes\">\n<table border=\"1\" width=\"100%\" cellspacing=\"0\" cellpadding=\"5\">\n<tbody>\n<tr>\n<td><strong>Especies<\/strong><\/td>\n<td><strong>Per\u00edodo de caza<\/strong><\/td>\n<\/tr>\n<tr bgcolor=\"#FFFFFF\">\n<td>Ciervo colorado<\/td>\n<td>1\u00ba de marzo a 30 de junio<\/td>\n<\/tr>\n<tr bgcolor=\"#FFFFFF\">\n<td>Jabal\u00ed<\/td>\n<td>1\u00ba de marzo a 30 de noviembre<\/td>\n<\/tr>\n<tr bgcolor=\"#FFFFFF\">\n<td>Cabra salvaje<\/td>\n<td>Todo el a\u00f1o<\/td>\n<\/tr>\n<tr bgcolor=\"#FFFFFF\">\n<td>B\u00fafalo de agua<\/td>\n<td>Todo el a\u00f1o<\/td>\n<\/tr>\n<tr bgcolor=\"#FFFFFF\">\n<td>Ant\u00edlope negro<\/td>\n<td>Todo el a\u00f1o<\/td>\n<\/tr>\n<tr bgcolor=\"#FFFFFF\">\n<td>Muflon<\/td>\n<td>Todo el a\u00f1o<\/td>\n<\/tr>\n<tr bgcolor=\"#FFFFFF\">\n<td>Ciervo axis<\/td>\n<td>Todo el a\u00f1o<\/td>\n<\/tr>\n<tr bgcolor=\"#FFFFFF\">\n<td>Carnero Texas Dal<\/td>\n<td>Todo el a\u00f1o<\/td>\n<\/tr>\n<tr bgcolor=\"#FFFFFF\">\n<td>Carnero de cuatro cuernos<\/td>\n<td>Todo el a\u00f1o<\/td>\n<\/tr>\n<tr bgcolor=\"#FFFFFF\">\n<td>Carnero escoc\u00e9s de cara negra<\/td>\n<td>Todo el a\u00f1o<\/td>\n<\/tr>\n<tr bgcolor=\"#FFFFFF\">\n<td>Ciervo dama<\/td>\n<td>Todo el a\u00f1o<\/td>\n<\/tr>\n<\/tbody>\n<\/table>\n<\/div>\n<div class=\"boxes\">\n<p><strong>Tasas de \u00e9xito<\/strong><br \/>\n100% para Ciervo Colorado, Ciervo Dama, B\u00fafalo de Agua, Mufl\u00f3n Europeo, Carnero de Cuatro Cuernos, Jabal\u00ed Salvaje, Cabra Salvaje, Ant\u00edlope Negro, Ciervo Axis, Carnero Escoc\u00e9s de Cara Negra y Carnero Texas Dal.<\/p>\n<\/div>\n","protected":false},"excerpt":{"rendered":"<p>Especies y Temporadas Los Molles es tierra de magn\u00edficas especies como el CIERVO COLORADO (Red Stag), JABAL\u00cd (Wild Boar), CABRA SALVAJE (Wild Goat), B\u00daFALO DE AGUA (Water Buffalo), ANT\u00cdLOPE NEGRO (Blackbuck Antilope), MUFLON (European Mouflon), CIERVO AXIS (Axis Deer), CARNERO TEXAS DAL (Texas Dall Sheep), CARNERO DE CUATRO CUERNOS (Four-horn Ram), CARNERO ESCOCES DE CARA &hellip;<\/p>\n","protected":false},"author":1,"featured_media":1583,"parent":0,"menu_order":0,"comment_status":"closed","ping_status":"closed","template":"homepage.php","meta":[],"_links":{"self":[{"href":"https:\/\/www.losmolles.com\/web\/es\/wp-json\/wp\/v2\/pages\/1783"}],"collection":[{"href":"https:\/\/www.losmolles.com\/web\/es\/wp-json\/wp\/v2\/pages"}],"about":[{"href":"https:\/\/www.losmolles.com\/web\/es\/wp-json\/wp\/v2\/types\/page"}],"author":[{"embeddable":true,"href":"https:\/\/www.losmolles.com\/web\/es\/wp-json\/wp\/v2\/users\/1"}],"replies":[{"embeddable":true,"href":"https:\/\/www.losmolles.com\/web\/es\/wp-json\/wp\/v2\/comments?post=1783"}],"version-history":[{"count":14,"href":"https:\/\/www.losmolles.com\/web\/es\/wp-json\/wp\/v2\/pages\/1783\/revisions"}],"predecessor-version":[{"id":2617,"href":"https:\/\/www.losmolles.com\/web\/es\/wp-json\/wp\/v2\/pages\/1783\/revisions\/2617"}],"wp:featuredmedia":[{"embeddable":true,"href":"https:\/\/www.losmolles.com\/web\/es\/wp-json\/wp\/v2\/media\/1583"}],"wp:attachment":[{"href":"https:\/\/www.losmolles.com\/web\/es\/wp-json\/wp\/v2\/media?parent=1783"}],"curies":[{"name":"wp","href":"https:\/\/api.w.org\/{rel}","templated":true}]}}