{"id":1787,"date":"2016-01-12T19:06:44","date_gmt":"2016-01-12T19:06:44","guid":{"rendered":"http:\/\/www.losmolles.com\/web\/es\/accommodation\/"},"modified":"2019-12-02T21:00:55","modified_gmt":"2019-12-02T21:00:55","slug":"accommodation","status":"publish","type":"page","link":"https:\/\/www.losmolles.com\/web\/es\/accommodation\/","title":{"rendered":"Hospedaje"},"content":{"rendered":"<h1><strong>Hospedaje<\/strong><\/h1>\n<img loading=\"lazy\" class=\"alignnone size-full wp-image-1857\" src=\"http:\/\/www.losmolles.com\/web\/wp-content\/uploads\/2016\/01\/texto-accommodation-es.png\" alt=\"texto-accommodation-es\" width=\"531\" height=\"73\" srcset=\"https:\/\/www.losmolles.com\/web\/wp-content\/uploads\/2016\/01\/texto-accommodation-es.png 531w, https:\/\/www.losmolles.com\/web\/wp-content\/uploads\/2016\/01\/texto-accommodation-es-300x41.png 300w, https:\/\/www.losmolles.com\/web\/wp-content\/uploads\/2016\/01\/texto-accommodation-es-381x52.png 381w\" sizes=\"(max-width: 531px) 100vw, 531px\" \/>\n<div class=\"box-2\">El complejo cuenta con una hoster\u00eda de 7 habitaciones dobles y 2 singles, cada una provista de ba\u00f1o privado. Disponemos de un sal\u00f3n comedor con hogar y un bar completo donde disfrutar cada noche y recuperarse de un intenso d\u00eda de caza.<br \/>\nNuestro servicio ofrece un c\u00e1lido alojamiento, parrilladas con la mejor carne argentina, cocina gourmet, vegetales frescos de nuestra huerta y vinos de primera l\u00ednea.<\/p>\n<p><strong>SERVICIOS INCLUIDOS<\/strong><\/p>\n<ul>\n<li>Servicio personalizado de caza<\/li>\n<li>Servicio de interpretaci\u00f3n a ingl\u00e9s<\/li>\n<li>Veh\u00edculos doble tracci\u00f3n<\/li>\n<li>Cuereado y preparaci\u00f3n primaria de los trofeos<\/li>\n<li>Alojamiento confortable<\/li>\n<li>Todas las comidas y vinos<\/li>\n<li>Bebidas sin alcohol<\/li>\n<li>Servicio de mucama y lavander\u00eda<\/li>\n<li>Transporte terrestre dentro de la zona de caza<\/li>\n<\/ul>\n<p><strong>SERVICIOS NO INCLUIDOS \u2013 CAZA MAYOR<\/strong><\/p>\n<ul>\n<li>El precio de cada trofeo cazado<\/li>\n<li>Tasas a\u00e9reas e impuestos de ninguna clase<\/li>\n<li>Seguros de ning\u00fan tipo<\/li>\n<li>Gastos de embalaje y env\u00edo de trofeos al lugar de origen<\/li>\n<li>Gastos de taxidermia<\/li>\n<li>Permisos de importaci\u00f3n y tarifas de trofeos exigidas por el pa\u00eds de origen<\/li>\n<li>Llamadas telef\u00f3nicas<\/li>\n<li>Excursiones o viajes a otras regiones del pa\u00eds<\/li>\n<li>Transporte terrestre entre Buenos Aires y el coto de caza<\/li>\n<li>Gastos de Aduana por introducci\u00f3n de armas al pa\u00eds o alquiler de armas, as\u00ed como las municiones utilizadas durante el per\u00edodo de caza<\/li>\n<li>Permisos de caza local<\/li>\n<li>Gastos por tr\u00e1mites requeridos para la exportaci\u00f3n de los trofeos cazados en la Argentina<\/li>\n<li>Servicios m\u00e9dicos de ning\u00fan tipo<\/li>\n<\/ul>\n<p>Si est\u00e1 interesado en otras opciones de turismo en Argentina, podemos organizar y reservar actividades tur\u00edsticas. No dude en consultarnos.<\/p>\n<\/div>\n<div class=\"box-1 marginBottomImg\">\n<img src=\"http:\/\/www.losmolles.com\/web\/wp-content\/uploads\/2019\/11\/01-The-lodge-1b-1.jpg\" alt=\"\" \/><\/p>\n<img src=\"http:\/\/www.losmolles.com\/web\/wp-content\/uploads\/2019\/11\/02-Bedroom-1-2.jpg\" alt=\"\" \/>\n<img src=\"http:\/\/www.losmolles.com\/web\/wp-content\/uploads\/2019\/12\/bad.jpg\" alt=\"\" \/>\n<img src=\"http:\/\/www.losmolles.com\/web\/wp-content\/uploads\/2019\/12\/Asado-y-moza-1.jpg\" alt=\"\" \/>\n<img src=\"http:\/\/www.losmolles.com\/web\/wp-content\/uploads\/2016\/01\/accommodation-img-3.png\" alt=\"\" \/>\n<img src=\"http:\/\/www.losmolles.com\/web\/wp-content\/uploads\/2019\/12\/postre-1.jpg\" alt=\"\" \/>\n<img src=\"http:\/\/www.losmolles.com\/web\/wp-content\/uploads\/2019\/12\/Empanadas-1.jpg\" alt=\"\" \/>\n<\/div>\n","protected":false},"excerpt":{"rendered":"<p>Hospedaje El complejo cuenta con una hoster\u00eda de 7 habitaciones dobles y 2 singles, cada una provista de ba\u00f1o privado. Disponemos de un sal\u00f3n comedor con hogar y un bar completo donde disfrutar cada noche y recuperarse de un intenso d\u00eda de caza. Nuestro servicio ofrece un c\u00e1lido alojamiento, parrilladas con la mejor carne argentina, &hellip;<\/p>\n","protected":false},"author":1,"featured_media":1563,"parent":0,"menu_order":0,"comment_status":"closed","ping_status":"closed","template":"homepage.php","meta":[],"_links":{"self":[{"href":"https:\/\/www.losmolles.com\/web\/es\/wp-json\/wp\/v2\/pages\/1787"}],"collection":[{"href":"https:\/\/www.losmolles.com\/web\/es\/wp-json\/wp\/v2\/pages"}],"about":[{"href":"https:\/\/www.losmolles.com\/web\/es\/wp-json\/wp\/v2\/types\/page"}],"author":[{"embeddable":true,"href":"https:\/\/www.losmolles.com\/web\/es\/wp-json\/wp\/v2\/users\/1"}],"replies":[{"embeddable":true,"href":"https:\/\/www.losmolles.com\/web\/es\/wp-json\/wp\/v2\/comments?post=1787"}],"version-history":[{"count":14,"href":"https:\/\/www.losmolles.com\/web\/es\/wp-json\/wp\/v2\/pages\/1787\/revisions"}],"predecessor-version":[{"id":2584,"href":"https:\/\/www.losmolles.com\/web\/es\/wp-json\/wp\/v2\/pages\/1787\/revisions\/2584"}],"wp:featuredmedia":[{"embeddable":true,"href":"https:\/\/www.losmolles.com\/web\/es\/wp-json\/wp\/v2\/media\/1563"}],"wp:attachment":[{"href":"https:\/\/www.losmolles.com\/web\/es\/wp-json\/wp\/v2\/media?parent=1787"}],"curies":[{"name":"wp","href":"https:\/\/api.w.org\/{rel}","templated":true}]}}