{"id":1790,"date":"2016-01-12T18:43:37","date_gmt":"2016-01-12T18:43:37","guid":{"rendered":"http:\/\/www.losmolles.com\/web\/es\/frequently-asked-questions\/"},"modified":"2020-02-21T15:20:11","modified_gmt":"2020-02-21T15:20:11","slug":"frequently-asked-questions","status":"publish","type":"page","link":"https:\/\/www.losmolles.com\/web\/es\/frequently-asked-questions\/","title":{"rendered":"Preguntas"},"content":{"rendered":"<h1>Preguntas frecuentes<\/h1>\n<div class=\"su-accordion su-u-trim\">\n<div class=\"su-spoiler su-spoiler-style-default su-spoiler-icon-plus su-spoiler-closed\" data-scroll-offset=\"0\" data-anchor-in-url=\"no\"><div class=\"su-spoiler-title\" tabindex=\"0\" role=\"button\"><span class=\"su-spoiler-icon\"><\/span>DOCUMENTACI\u00d3N<\/div><div class=\"su-spoiler-content su-u-clearfix su-u-trim\">\n<p><strong>\u00bfQu\u00e9 documentaci\u00f3n necesito para ingresar a Argentina?<\/strong><\/p>\n<p>Documentos de viaje para extranjeros en Argentina.<\/p>\n<p>1. Pasaporte &#8211; Documento obligatorio.<br \/>\n2. Visa: no se necesita visa para una estad\u00eda inferior a 90 d\u00edas por negocios o turismo.<br \/>\n3. <strong><a href=\"http:\/\/travel.state.gov\/content\/travel\/en.html\" target=\"_blank\" rel=\"noopener noreferrer\">travel.state.gov\/content\/travel\/en.html<\/a><\/strong> Formularios para armas de fuego. Todas las armas de fuego y municiones deben contar con un permiso de ingreso temporario. Complete el \u201cFormulario T\u00e9cnico para Argentina\u201d e imprima 4 copias. Estos formularios se encuentran en su paquete de viaje. Caso contrario visite la siguiente p\u00e1gina: <a href=\"http:\/\/www.renar.gov.ar\/index_seccion.php?seccion=requisitos_en&amp;m=4\" target=\"_blank\" rel=\"noopener noreferrer\"><strong>http:\/\/www.renar.gov.ar\/index_seccion.php?seccion=requisitos_en&amp;m=4<\/strong> <\/a>. Despu\u00e9s de retirar su equipaje y antes de dirigirse a Aduana debe entrar en contacto con la \u201cPolic\u00eda Aeron\u00e1utica\u201d para sellar su formulario. No firme este formulario antes de llegar a la Polic\u00eda. El sellado tiene un costo aproximado de USD 100.- por arma.<\/p>\n<p>4. Tasa de egreso: USD 25.- (sujeto a alteraciones).<\/p>\n<p>5. Formulario de la Aduana de los Estados Unidos &#8211; OBLIGATORIO &#8211; La Aduana de los Estados Unidos aplica estrictamente la ley sobre alcohol, tabaco y armas que exige que todos los individuos registren todas sus armas de fuego en la Aduana de los Estados Unidos antes de salir del pa\u00eds. Caso contrario, las armas de fuego podr\u00edan ser confiscadas al regresar al pa\u00eds. Recomendamos enf\u00e1ticamente que todos los ciudadanos estadounidenses declaren o registren todas sus armas de fuego, c\u00e1maras, dispositivos \u00f3pticos costosos, joyas y otros elementos de valor que transporten al exterior, antes de salir del pa\u00eds. Para efectuar la declaraci\u00f3n o el registro, los individuos deber\u00e1n presentar los elementos en las oficinas de la Aduana de los Estados Unidos donde obtendr\u00e1n una declaraci\u00f3n certificada. Este documento recibe el nombre de \u201cCertificado de Inscripci\u00f3n de Efectos Personales Llevados al Exterior\u201d (Formulario 4457). Las oficinas de la Aduana de los Estados Unidos suelen estar ubicadas cerca de los aeropuertos internacionales. Los individuos tendr\u00e1n que tomar las medidas necesarias exigidas por las oficinas de la Aduana de los Estados Unidos para cumplir con este requisito antes de viajar.<\/p>\n<p>6. Aspectos m\u00e9dicos: consulte con su m\u00e9dico para decidir cu\u00e1l es la mejor opci\u00f3n para usted. Es posible que le sugiera consultar la p\u00e1gina del Centro para el Control y Prevenci\u00f3n de Enfermedades. <strong><a href=\"http:\/\/www.cdc.gov\/\" target=\"_blank\" rel=\"noopener noreferrer\">http:\/\/www.cdc.gov\/<\/a><\/strong><\/p>\n<p>7. CITES \u2013 Ap\u00e9ndice II &#8211; Ant\u00edlope negro. Deber\u00e1 contar con una autorizaci\u00f3n de CITES del pa\u00eds de exportaci\u00f3n. Visite <strong><a href=\"http:\/\/www.fws.gov\/permits\/index.html\" target=\"_blank\" rel=\"noopener noreferrer\">http:\/\/www.fws.gov\/permits\/index.html<\/a><\/strong>, y haga clic en la opci\u00f3n importar\/exportar para obtener informaci\u00f3n detallada y los formularios correspondientes. Convenci\u00f3n sobre el Comercio Internacional de Especies Amenazadas de Fauna y Flora Silvestres (CITES).<\/p>\n<p>8. En caso de estar viajando con un menor (menos de 18 a\u00f1os de edad), recuerde que necesitar\u00e1 contar con el consentimiento por escrito de AMBOS padres para poder salir del pa\u00eds.<\/p>\n<p><strong>IMPORTANTE<\/strong>:\u00a0Tener en cuenta que desde el momento en que efectu\u00f3 su reserva hasta la partida, las leyes, las tasas y los requisitos pueden haber sido modificados.<\/p>\n<p>M\u00e1s informaci\u00f3n en:<\/p>\n<p><strong><a href=\"http:\/\/www.traveldocs.com\/\" target=\"_blank\" rel=\"noopener noreferrer\">http:\/\/www.traveldocs.com\/<\/a><\/strong><br \/>\n<strong> <a href=\"https:\/\/ar.usembassy.gov\/es\/\" target=\"_blank\" rel=\"noopener noreferrer\">https:\/\/ar.usembassy.gov\/es\/<\/a><\/strong><br \/>\n<strong> <a href=\"https:\/\/www.tsa.gov\/travel\/security-screening\/prohibited-items\" target=\"_blank\" rel=\"noopener noreferrer\">https:\/\/www.tsa.gov\/travel\/security-screening\/prohibited-items<\/a><\/strong><br \/>\nAdministraci\u00f3n de Seguridad en el Transporte (TSA) &#8211; Viajes con elementos especiales, armas de fuego y municiones.<\/p>\n<p><strong>\u00bfNecesito certificado m\u00e9dico o de vacunaci\u00f3n?<\/strong><br \/>\nNo es necesario presentar certificados m\u00e9dicos o de vacunaci\u00f3n para ingresar a Argentina.<\/p>\n<\/div><\/div>\n<div class=\"su-spoiler su-spoiler-style-default su-spoiler-icon-plus su-spoiler-closed\" data-scroll-offset=\"0\" data-anchor-in-url=\"no\"><div class=\"su-spoiler-title\" tabindex=\"0\" role=\"button\"><span class=\"su-spoiler-icon\"><\/span>ARMAS Y MUNICIONES<\/div><div class=\"su-spoiler-content su-u-clearfix su-u-trim\">\n<p>Para poder ingresar su propia arma de fuego a Argentina de forma legal necesita obtener un permiso temporario, tanto para el arma como para las municiones.<\/p>\n<p>Por favor, consulte la p\u00e1gina web del Registro Nacional de Armas\u00a0(<a href=\"http:\/\/www.renar.gov.ar\">http:\/\/www.renar.gov.ar<\/a>) ,donde podr\u00e1 obtener la informaci\u00f3n necesaria, adem\u00e1s de descargar los formularios requeridos.<\/p>\n<p>Complete los mismos y pres\u00e9ntelos en el Consulado Argentino para su aprobaci\u00f3n.<\/p>\n<p><strong>CONTROL DE ARMAS DE FUEGO<\/strong><\/p>\n<p><strong>Conserve su tarjeta de embarque durante su estad\u00eda en Argentina.\u00a0<\/strong><\/p>\n<p>Llegada a trav\u00e9s del Aeropuerto Internacional Ministro Pistarini en Buenos Aires (EZE).<\/p>\n<p>Despu\u00e9s de haber pasado las cabinas de control de pasaportes y haber retirado su equipaje y su arma de fuego de la cinta transportadora, busque el letrero indicador de la <strong>Polic\u00eda Federal Argentina &#8211; RENAR<\/strong>.<\/p>\n<p>Se trata de una oficina peque\u00f1a y un poco escondida al final de un largo pasillo, sobre el lado derecho del Duty Free Shop. Al llegar al final del espacio, un poco m\u00e1s a la derecha, se encuentra la puerta de entrada. Golpee si est\u00e1 cerrada.<\/p>\n<p>Diversos vuelos de los Estados Unidos y Europa llegan al mismo tiempo durante la temporada de caza, de manera que es posible que se forme una fila considerable. El control de cada cazador demora unos 15 minutos o m\u00e1s aproximadamente.<\/p>\n<p>El personal de Los Molles estar\u00e1 esperando al salir de esta oficina. El funcionario ya tendr\u00e1 su nombre y sabr\u00e1 que nosotros estamos esper\u00e1ndolo para ayudarlo.<\/p>\n<p>El funcionario completar\u00e1 un formulario con el que podr\u00e1 pagar la tasa. Con este documento tendr\u00e1 que regresar a la zona de Aduana y abonar AR$ 1.000.- (pesos argentinos) por rifle en el <strong>Banco de la Naci\u00f3n Argentina<\/strong>, y en caso de ser necesario, podr\u00e1 cambiar dinero. Para esto deber\u00e1 presentar su pasaporte y tarjeta de embarque. El Banco de la Naci\u00f3n Argentina cuenta con un mostrador peque\u00f1o ubicado antes de la SALIDA, sobre la derecha.<\/p>\n<p>El precio por arma es de AR$ 1.000.- (aproximadamente USD 71.-)<\/p>\n<p>Arma con dos barriles: AR$ 2.000.-<\/p>\n<p>Despu\u00e9s de abonar deber\u00e1 regresar a la oficina del RENAR para presentar el recibo de pago sellado. Recibir\u00e1 tres copias del formulario del arma, selladas y firmadas por la oficina del RENAR.<\/p>\n<p>Regrese a la zona de <strong>Control aduanero.<\/strong> All\u00ed entregar\u00e1 una de las copias selladas por el RENAR. Tenga las otras dos copias a mano. Este formulario es su permiso para transportar un rifle en Argentina.<br \/>\nEl funcionario de la Aduana le solicitar\u00e1 la factura proforma y otros documentos. Cuando llegue al aeropuerto, estar\u00e1 esper\u00e1ndolo con su legajo y el permiso firmado correspondiente a su arma de fuego. (Oficina para el pago de tasas &#8211; <strong>Administraci\u00f3n Federal de Ingresos P\u00fablicos (AFIP)<\/strong> &#8211; Sobre el lado izquierdo antes de la salida).<\/p>\n<p>Inmediatamente despu\u00e9s de salir de la zona de pago de tasa, el personal de Los Molles se encontrar\u00e1 con usted (con un cartel con su nombre), sobre la derecha, cerca del local Mc Caf\u00e9\/ Mc Donald\u2019s para darle la bienvenida.<\/p>\n<p><strong>Municiones:<\/strong><\/p>\n<p><strong>Vuelos de cabotaje en Argentina: Est\u00e1 prohibido transportar municiones dentro de su equipaje <\/strong>en el vuelo de Aerol\u00edneas Argentinas. Antes de realizar su check in, debe retirar las municiones de su equipaje. <strong>Las municiones deben ser transportadas en el estuche del arma o en un estuche aparte con llave<\/strong> que debe despacharse en forma separada. La l\u00ednea a\u00e9rea se ocupar\u00e1 de colocarlo en una bolsa pl\u00e1stica.<\/p>\n<p>Estuche del arma: s\u00f3lo est\u00e1 permitido transportar el arma y las municiones. NO INCLUIR INDUMENTARIA.<\/p>\n<p><strong>Aeropuerto de cabotaje:<\/strong> Asistencia durante el proceso de despacho del equipaje y control de armas (El personal de la l\u00ednea a\u00e9rea nos acompa\u00f1ar\u00e1 a las oficinas de la Polic\u00eda Federal Argentina &#8211; RENAR). Las armas y las municiones ser\u00e1n controladas, verificadas y selladas, y permanecer\u00e1n en las oficinas del RENAR hasta el momento en que el funcionario las lleve al avi\u00f3n. El personal de Los Molles lo acompa\u00f1ar\u00e1 hasta la puerta de embarque correspondiente.<\/p>\n<p><strong>Vuelos internacionales:<\/strong> en la mayor\u00eda de los casos, <strong>las armas deben en el estuche del arma.<\/strong> No est\u00e1 permitido el transporte del arma suelta dentro del equipaje; debe utilizarse una caja o estuche. Consulte con la l\u00ednea a\u00e9rea, ya que actualmente cada l\u00ednea a\u00e9rea tiene sus propias exigencias.<\/p>\n<p>Este procedimiento se repite al llegar a Santa Rosa y al regresar a Buenos Aires; tambi\u00e9n cuando regrese a su lugar de origen.<\/p>\n<p>El control en el aeropuerto de cabotaje y en Santa Rosa es m\u00e1s r\u00e1pido.<\/p>\n<p>En Santa Rosa, el personal de Los Molles lo estar\u00e1 esperando para el traslado a la estancia.<\/p>\n<p><strong>\u00bfProveen armas en caso de no tener una propia?<\/strong><br \/>\nEl complejo Los Molles puede proveer armas y municiones a los cazadores que no puedan traer las propias. Para tal caso, disponemos de las siguientes:<br \/>\n2 (dos) Zastava 308, con mira Kales 2,5-10*502<br \/>\n2 (dos) Zastava 300, 1 (uno) con mira Carl Zeiss 2,5-10*56 y otro con mira 2,5-10*50<br \/>\n1 (un) Remington 308<br \/>\n1 (un) Mauser 30-06<br \/>\n1 (un) Berno 30-06<br \/>\n1 (un) Berno 375<\/p>\n<p><strong>\u00bfEs necesario obtener licencia para cazar?<\/strong><br \/>\nS\u00ed, necesita una licencia de caza, y los tr\u00e1mites para obtenerla pueden ser realizados por el coto.<\/p>\n<\/div><\/div>\n<div class=\"su-spoiler su-spoiler-style-default su-spoiler-icon-plus su-spoiler-closed\" data-scroll-offset=\"0\" data-anchor-in-url=\"no\"><div class=\"su-spoiler-title\" tabindex=\"0\" role=\"button\"><span class=\"su-spoiler-icon\"><\/span>VESTIMENTA Y EQUIPOS ESPECIALES<\/div><div class=\"su-spoiler-content su-u-clearfix su-u-trim\">\n<p>1) Conjunto de ropa impermeable liviana, en caso de lluvia intensa y mal tiempo en general.<br \/>\n2) Abrigo camuflado o tipo parca con un chaleco liviano. Deben ser f\u00e1ciles de guardar cuando aumente la temperatura durante el d\u00eda.<br \/>\n3) Camisas de caza.<br \/>\n4) Su\u00e9ter de polar.<br \/>\n5) Pantalones de caza.<br \/>\n6) Ropa interior t\u00e9rmica larga (superior e inferior).<br \/>\n7) Varios pares de medias finas o poco gruesas.<br \/>\n8) Consideramos que las botas de cuero con protecci\u00f3n t\u00e9rmica, son ideales para todas las temporadas de caza. Aseg\u00farese de haber utilizado con anterioridad las botas que haya elegido para su viaje.<br \/>\n9) Gorro de lana.<br \/>\n10) Sombrero con ala.<br \/>\n11) Guantes de caza de peso medio.<br \/>\n12) Zapatos de monta\u00f1a.<br \/>\n13) Mochila de cuero para cargar una muda de ropa, o ri\u00f1onera.<br \/>\n14) C\u00e1mara con pilas de repuesto.<br \/>\n15) Bin\u00f3culos de alta calidad.<br \/>\n16) Tel\u00e9metro opcional.<br \/>\n17) Cuchillo de caza.<br \/>\n18) Linterna y pilas de repuesto.<br \/>\n19) Rifles (con mira) con 2-3 cajas de municiones, un rifle clase 30-06 o superior que usted maneje bien.<br \/>\n20) Elementos personales: protector labial, repelente de insectos, analg\u00e9sico, anteojos, protector solar, etc.<\/p>\n<p>Para garantizar que est\u00e1 preparado para las condiciones clim\u00e1ticas previstas recomendamos consultar los siguientes sitios en internet: <strong><a href=\"http:\/\/www.weather.com\" target=\"_blank\" rel=\"noopener noreferrer\">www.weather.com<\/a><\/strong>\u00a0y\u00a0<strong><a href=\"http:\/\/www.accuweather.com\" target=\"_blank\" rel=\"noopener noreferrer\">www.accuweather.com<\/a><\/strong>, poco antes de comenzar su viaje.<\/p>\n<p><strong>Esta es una lista tentativa de equipo que puede necesitar.<\/strong><\/p>\n<p><strong>\u00bfCu\u00e1l es la probabilidad de lluvia prevista durante los d\u00edas de cacer\u00eda?<\/strong><br \/>\nDada la variabilidad en el clima, recomendamos siempre contar con botas livianas de lluvia y equipo impermeable.<\/p>\n<\/div><\/div>\n<div class=\"su-spoiler su-spoiler-style-default su-spoiler-icon-plus su-spoiler-closed\" data-scroll-offset=\"0\" data-anchor-in-url=\"no\"><div class=\"su-spoiler-title\" tabindex=\"0\" role=\"button\"><span class=\"su-spoiler-icon\"><\/span>EL COTO<\/div><div class=\"su-spoiler-content su-u-clearfix su-u-trim\">\n<p><strong>\u00bfLa cacer\u00eda es guiada?<\/strong><br \/>\nTodos los cazadores cuentan con un gu\u00eda (1 x 1).<\/p>\n<p><strong>\u00bfQu\u00e9 idioma hablan los gu\u00edas?<\/strong><br \/>\nAunque el idioma es principalmente el espa\u00f1ol, en el coto de caza siempre habr\u00e1 alguien que hable ingl\u00e9s y alem\u00e1n fluidos.<\/p>\n<p><strong>\u00bfCu\u00e1les son los d\u00edas y horarios de caza? \u00bfLa misma se realiza a pie o en veh\u00edculos?<\/strong><br \/>\nLos d\u00edas de caza dependen de la especie elegida. Los horarios de caza para el ciervo colorado son desde la ma\u00f1ana temprano hasta el mediod\u00eda, y desde la media tarde hasta el anochecer. La cacer\u00eda puede realizarse tanto persiguiendo a la pieza como a la espera de la misma.<br \/>\nLos jabal\u00edes son usualmente cazados en un mangrullo a la noche a la luz de la luna.<br \/>\nPara cazar un puma se espera a la pieza o se la rastrea a trav\u00e9s del monte.<br \/>\nPara todas las dem\u00e1s especies, un gu\u00eda estar\u00e1 presente para rastrear a los animales en el monte y se\u00f1alar a los cazadores sobre qu\u00e9 animal constituir\u00e1 un buen trofeo. En Los Molles contamos con veh\u00edculos 4&#215;4.<\/p>\n<p><strong>\u00bfEs posible reservar el coto de caza s\u00f3lo para un grupo de cazadores y no compartirlo con m\u00e1s gente?<\/strong><br \/>\nEsto es posible para grupos de 8 (ocho) cazadores en fechas comprendidas entre el 1\u00ba de marzo y el 20 de abril. A partir del 20 de abril se requiere una cantidad m\u00ednima de 4 (cuatro) cazadores.<\/p>\n<p><strong>\u00bfC\u00f3mo puedo pagar la tasa de trofeos y los dem\u00e1s gastos en el coto de caza?<\/strong><br \/>\nEn el coto de caza aceptamos las siguientes opciones de pago: efectivo en pesos argentinos, d\u00f3lares estadounidenses y euros, cheques y dep\u00f3sitos bancarios.<\/p>\n<p><strong>En caso de accidente o enfermedad, \u00bfc\u00f3mo funciona el sistema sanitario y la adquisici\u00f3n de medicamentos en Argentina?<\/strong><br \/>\nContamos con un botiqu\u00edn de primeros auxilios con todos los medicamentos b\u00e1sicos. Sin embargo, recomendamos a nuestros visitantes traer todos los medicamentos especiales que puedan necesitar. En caso de no poder tratar el problema en nuestra hoster\u00eda, se har\u00e1 un traslado de inmediato hasta el hospital m\u00e1s cercano.<br \/>\nPara mayor tranquilidad aconsejamos contratar un plan de asistencia al viajero antes de iniciar su viaje.<\/p>\n<p><strong>\u00bfCuento con alg\u00fan tipo de seguro?<\/strong><br \/>\nCada persona que visite el complejo deber\u00e1 obtener su propia cobertura para la estad\u00eda.<\/p>\n<\/div><\/div>\n<div class=\"su-spoiler su-spoiler-style-default su-spoiler-icon-plus su-spoiler-closed\" data-scroll-offset=\"0\" data-anchor-in-url=\"no\"><div class=\"su-spoiler-title\" tabindex=\"0\" role=\"button\"><span class=\"su-spoiler-icon\"><\/span>VARIOS<\/div><div class=\"su-spoiler-content su-u-clearfix su-u-trim\">\n<p><strong>\u00bfC\u00f3mo puedo pagar en Argentina?<\/strong><br \/>\nLa moneda argentina es el &#8220;peso argentino&#8221;. Muchos comercios tambi\u00e9n aceptan d\u00f3lares estadounidenses, euros y otras monedas extranjeras, adem\u00e1s de tarjetas de cr\u00e9dito.<\/p>\n<p><strong>\u00bfQu\u00e9 tipo de tensi\u00f3n el\u00e9ctrica se utiliza en Argentina?<\/strong><br \/>\nEn Argentina se utiliza el sistema el\u00e9ctrico de 220 voltios.<\/p>\n<\/div><\/div>\n<\/div>\n","protected":false},"excerpt":{"rendered":"<p>Preguntas frecuentes<\/p>\n","protected":false},"author":1,"featured_media":1573,"parent":0,"menu_order":0,"comment_status":"closed","ping_status":"closed","template":"homepage.php","meta":[],"_links":{"self":[{"href":"https:\/\/www.losmolles.com\/web\/es\/wp-json\/wp\/v2\/pages\/1790"}],"collection":[{"href":"https:\/\/www.losmolles.com\/web\/es\/wp-json\/wp\/v2\/pages"}],"about":[{"href":"https:\/\/www.losmolles.com\/web\/es\/wp-json\/wp\/v2\/types\/page"}],"author":[{"embeddable":true,"href":"https:\/\/www.losmolles.com\/web\/es\/wp-json\/wp\/v2\/users\/1"}],"replies":[{"embeddable":true,"href":"https:\/\/www.losmolles.com\/web\/es\/wp-json\/wp\/v2\/comments?post=1790"}],"version-history":[{"count":10,"href":"https:\/\/www.losmolles.com\/web\/es\/wp-json\/wp\/v2\/pages\/1790\/revisions"}],"predecessor-version":[{"id":2605,"href":"https:\/\/www.losmolles.com\/web\/es\/wp-json\/wp\/v2\/pages\/1790\/revisions\/2605"}],"wp:featuredmedia":[{"embeddable":true,"href":"https:\/\/www.losmolles.com\/web\/es\/wp-json\/wp\/v2\/media\/1573"}],"wp:attachment":[{"href":"https:\/\/www.losmolles.com\/web\/es\/wp-json\/wp\/v2\/media?parent=1790"}],"curies":[{"name":"wp","href":"https:\/\/api.w.org\/{rel}","templated":true}]}}